{"id":2075,"date":"2020-08-05T17:07:29","date_gmt":"2020-08-05T21:07:29","guid":{"rendered":"https:\/\/gpsites.co\/ethos\/?page_id=2075"},"modified":"2022-07-15T06:57:26","modified_gmt":"2022-07-15T06:57:26","slug":"about","status":"publish","type":"page","link":"https:\/\/www.maktubtarot.com\/ro\/about\/","title":{"rendered":"Despre"},"content":{"rendered":"<div class=\"gb-container gb-container-56f3f426\"><div class=\"gb-inside-container\">\n\n<h2 class=\"gb-headline gb-headline-b10a10e0 gb-headline-text\"><strong><strong>Istoricul Maktub Tarot<\/strong><\/strong><\/h2>\n\n\n\n<p>Pasionat\u0103 de studiul artei din Egiptul Antic, de pictura, sculptura \u0219i arhitectura specifice civiliza\u021biei de pe valea Nilului din timpuri \u0219i surse care \u0219i ast\u0103zi r\u0103m\u00e2n un mister, Suada Agachi \u0219i-a g\u0103sit inspira\u021bia pentru a realiza un set de picturi de excep\u021bie. Acestea sunt alc\u0103tuite din cele mai puternice simboluri care au menirea s\u0103-l \u00eendrume pe privitor pe Calea ce i-a fost scris\u0103 de \u00eensu\u0219i Creatorul s\u0103u. Ele reprezint\u0103 o surs\u0103 infinit\u0103 de inspira\u021bie \u0219i sunt \u00eenc\u0103rcate cu o for\u021b\u0103 revelatoare impresionant\u0103.<\/p>\n\n\n\n<p>\u00cen c\u0103l\u0103toriile sale prin Egipt, Suada Agachi a luat la pas locurile \u00eenc\u0103rcate de istorie \u0219i de amintiri ale unei civiliza\u021bii greu de \u00eenchipuit \u00een zilele noastre. De la marile ora\u0219e, la cele mai pu\u021bin accesibile regiuni pentru publicul larg, Suada a redescoperit pove\u0219tile cu t\u00e2lc, cunoa\u0219terea restr\u00e2ns\u0103 \u0219i plin\u0103 de \u00een\u021belepciune precum \u0219i sensul ascuns al simbolurilor pe care le g\u0103sim \u0219i ast\u0103zi peste tot \u00een jur.<\/p>\n\n\n\n<p>\u00centreaga experien\u021b\u0103 acumulat\u0103 \u00eempreun\u0103 cu sensul existen\u021bei fiec\u0103rui simbol au fost metamorfozate \u00een mod tainic \u00een cele 78 de Arcane care alc\u0103tuiesc <strong>Maktub Tarot<\/strong>. Persoana care contempl\u0103 imaginile celor 78 de tablouri se va conecta la cele mai discrete profunzimi ale fiin\u021bei sale, acces\u00e2nd propriul Ghid interior. Acesta \u00eei va \u00eenf\u0103\u021bi\u0219a \u00een mod intuitiv cele mai ascunse secrete ale sufletului s\u0103u \u0219i \u00eei va ghida pa\u0219ii spre cele mai potrivite alegeri.<\/p>\n\n\n<div class=\"wp-block-image\">\n<figure class=\"aligncenter size-full is-resized\"><img loading=\"lazy\" decoding=\"async\" src=\"https:\/\/www.maktubtarot.com\/wp-content\/uploads\/2022\/07\/Reclame-Maktub-Tarot-piramide-mic.png\" alt=\"\" class=\"wp-image-5807\" width=\"652\" height=\"687\" srcset=\"https:\/\/www.maktubtarot.com\/wp-content\/uploads\/2022\/07\/Reclame-Maktub-Tarot-piramide-mic-284x300.png 284w, https:\/\/www.maktubtarot.com\/wp-content\/uploads\/2022\/07\/Reclame-Maktub-Tarot-piramide-mic-970x1024.png 970w, https:\/\/www.maktubtarot.com\/wp-content\/uploads\/2022\/07\/Reclame-Maktub-Tarot-piramide-mic-11x12.png 11w, https:\/\/www.maktubtarot.com\/wp-content\/uploads\/2022\/07\/Reclame-Maktub-Tarot-piramide-mic-300x317.png 300w\" sizes=\"auto, (max-width: 652px) 100vw, 652px\" \/><\/figure>\n<\/div>\n\n\n<p>Cele 78 de Arcane ale Maktub Tarot au luat na\u0219tere \u00een imagina\u021bia impresionant\u0103 a autoarei Suada Agachi. Specialist \u00een Tehnici de Citire a Chipului \u0219i interpretarea tr\u0103s\u0103turilor faciale, Suada a conceput \u0219i a realizat unul dintre cele mai vibrante pachete de Tarot. Cele 78 de tablouri unicat au fost pictate conform indica\u021biilor autoarei, \u00een ulei pe p\u00e2nz\u0103, de c\u0103tre talentatul pictor rom\u00e2n R\u0103ceanu Adrian Mihai.<\/p>\n\n\n\n<p>Impresionanta oper\u0103 reprezint\u0103 ast\u0103zi \u00eencununarea efortului de peste 7 ani de cercetare pe t\u0103r\u00e2muri egiptene la care se adaug\u0103 numeroase alte studii ale simbolisticii \u0219i ale mesajelor ascunse \u00een c\u0103r\u021bile de Tarot.<\/p>\n\n\n\n<p>Fiecare dintre cele 78 de Arcane \u00eenf\u0103\u021bi\u0219eaz\u0103 o oglind\u0103 a fiin\u021bei umane. Cel care prive\u0219te Arcana de Tarot, prive\u0219te de fapt un capitol esen\u021bial al vie\u021bii sale. Pozi\u021bia, privirea, gesturile, ac\u021biunile \u0219i fiecare alt element care descrie personajele din Arcane, reprezint\u0103 o poart\u0103 de intrare \u00een fascinanta lume a Tarotului precum \u0219i \u00een universul personal interior.<\/p>\n\n\n\n<p>Dac\u0103 prive\u0219ti cu aten\u021bie o Arcan\u0103, dac\u0103 ascul\u021bi cu grij\u0103 mesajul pe care \u021bi-l transmite sau dac\u0103 te reg\u0103se\u0219ti \u00een dinamica unuia dintre tablouri, vei descoperi pe loc o cale. Fiecare dintre aceste c\u0103i te va \u00eendruma spre tine \u00eensu\u021bi\/ \u00eens\u0103\u021bi dar tot timpul pe un alt drum, descoperind astfel o lume \u00eenc\u0103rcat\u0103 de posibilit\u0103\u021bi \u0219i de \u0219anse.<\/p>\n\n\n\n<p>Privirea personajului pe care \u00eel ai \u00een fa\u021ba ta \u00ee\u021bi indic\u0103 direc\u021bia spre care trebuie la r\u00e2ndul t\u0103u s\u0103-\u021bi \u00eendrep\u021bi aten\u021bia. Indiferent de r\u0103spunsul pe care \u00eel cau\u021bi, inspira\u021bia o vei g\u0103si \u00een direc\u021bia indicat\u0103.<\/p>\n\n\n\n<p>Fiecare carte de Tarot este numit\u0103 <strong>Arcana<\/strong>. Semnifica\u021bia termenului respectiv este de tain\u0103, secret sau mister. Jocul de Tarot are o istorie \u00eendelungat\u0103 iar denumirea \u00een sine de <strong>Tarot<\/strong> \u00eenseamn\u0103 <strong>Via\u021b\u0103<\/strong>. Astfel, cele 78 de Arcane con\u021bin \u00een imaginile pictate pe ele sensul \u0219i tainele \u00eentregii Vie\u021bi. Ele reprezint\u0103 o \u00een\u021belepciune aparte format\u0103 din elemente \u0219i simboluri universale, con\u021bin personaje arhetipale \u0219i sunt astfel create \u00eenc\u00e2t s\u0103 ofere \u00eendrumarea necesar\u0103 at\u00e2t c\u00e2nd sunt folosite individual c\u00e2t \u0219i mai multe sau toate deodat\u0103.<\/p>\n\n\n\n<p>Via\u021ba a fost, este \u0219i va r\u0103m\u00e2ne probabil pentru mult\u0103 vreme un mister. Omul poate, \u00een cea mai bun\u0103 versiune a sa, s\u0103 se bucure de tot ceea ce are \u0219i de ceea ce \u00eei este destinat.<\/p>\n\n\n<div class=\"wp-block-image\">\n<figure class=\"aligncenter size-large is-resized\"><img loading=\"lazy\" decoding=\"async\" src=\"https:\/\/www.maktubtarot.com\/wp-content\/uploads\/2022\/07\/Reclame-Maktub-Tarot-Inceputul-Suada-Agachi-810x1024.png\" alt=\"\" class=\"wp-image-5808\" width=\"652\" height=\"686\"\/><\/figure>\n<\/div>\n\n\n<p>Pe parcursul \u00eentregii sale vie\u021bi, autoarea acestor minunate c\u0103r\u021bi de Tarot s-a sim\u021bit cel mai bine atunci c\u00e2nd s-a aflat \u00een preajma oamenilor \u0219i c\u00e2nd s-a putut bucura de tot ceea ce este \u00eenc\u0103rcat de vitalitate \u00een jurul ei. A ajuns astfel s\u0103 transforme c\u0103utarea \u00een experien\u021b\u0103 \u0219i cunoa\u0219terea \u00eentr-un stil de via\u021b\u0103. Toate acestea au concurat ireversibil la ceea ce ast\u0103zi se nume\u0219te <strong>Maktub Tarot<\/strong>.<\/p>\n\n\n\n<p>Termenul <strong>Maktub<\/strong> provine din limba arab\u0103 \u0219i semnific\u0103 <em>a\u0219a este scris<\/em>. Alchimia complet\u0103 a tuturor acestor elemente d\u0103 na\u0219tere unei filozofii autentice de o \u00een\u021belepciune aparte, transform\u00e2nd cele 78 de Arcane ale Maktub Tarot \u00een cea mai profund\u0103 \u0219i mai cuprinz\u0103toare expresie: <em>A\u0219a este scris\u0103 Via\u021ba.<\/em>.<\/p>\n\n\n\n<p>Cele 78 de Arcane se \u00eempart \u00een 2 mari categorii:<\/p>\n\n\n\n<p class=\" translation-block\">I. Prima categorie este alc\u0103tuit\u0103 din cele <strong>22 de Arcane Majore<\/strong> numerotate de la 1 la 21, al\u0103turi de Arcana Nebunul (The Fool) care nu are num\u0103r. Arcana cu num\u0103rul 13, spre deosebire de toate celelalte, este singura care nu are nume.<\/p>\n\n\n\n<p class=\" translation-block\">II. A 2-a categorie este alc\u0103tuit\u0103 din cele <strong>56 de Arcane Minore<\/strong> iar acestea la r\u00e2ndul lor sunt \u00eemp\u0103r\u021bite \u00een 4 grupe corespunz\u0103toare elementelor pe care le reprezint\u0103 \u00een imaginile lor. Cele 4 Elemente sunt codificate sub urm\u0103toarele denumiri: \n <strong>Cupe<\/strong>, <strong>B\u00e2te<\/strong>, <strong>Monede<\/strong> \u0219i <strong>Spade<\/strong>. Simbolistica \u0219i coresponden\u021ba lor este urm\u0103toarea:<\/p>\n\n\n\n<p class=\" translation-block\"><strong>Cupele<\/strong> reprezint\u0103 elementul <strong>Ap\u0103<\/strong> adic\u0103 emo\u021biile.<\/p>\n\n\n\n<p class=\" translation-block\"><strong>B\u00e2tele<\/strong> reprezint\u0103 elementul <strong>Foc<\/strong> adic\u0103 dorin\u021bele.<\/p>\n\n\n\n<p class=\" translation-block\"><strong>Monedele<\/strong> reprezint\u0103 elementul <strong>P\u0103m\u00e2nt<\/strong> adic\u0103 trupul. <strong>Spadele<\/strong> reprezint\u0103 elementul <strong>Aer<\/strong> adic\u0103 intelectul.<\/p>\n\n\n\n<p>Fiecare grup\u0103 din cele 4 elemente este alc\u0103tuit\u0103 din 14 Arcane distribuite astfel: un As, 9 Arcane numerotate de la 2 la 10 \u0219i 4 Arcane de Curte.<\/p>\n\n\n\n<p>Cele 4 Arcane de curte au o denumire proprie: <strong>Valet<\/strong>, <strong>Cavaler<\/strong>, <strong>Regina<\/strong> \u0219i <strong>Rege<\/strong>, reprezent\u00e2nd personajul din imagine, la care se adaug\u0103 denumirea elementului corespunz\u0103tor: cupe, b\u00e2te, monede sau spade.<\/p>\n\n\n\n<p>Dac\u0103 Arcanele Majore reprezint\u0103 cele 22 de stadii \u00een care se afl\u0103 Sufletul uman, reprezentat de Arcana Nebunul (The Fool), \u00een c\u0103l\u0103toria sa prin aceast\u0103 via\u021b\u0103, Arcanele Minore reproduc instrumentele pe care acesta le are la \u00eendem\u00e2n\u0103 pentru a atinge des\u0103v\u00e2r\u0219irea. Cele 4 simboluri ale Arcanelor Minore sunt cele 4 Elemente primordiale care alc\u0103tuiesc lumea \u00eenconjur\u0103toare. Astfel, indiferent de Arcana pe care o lu\u0103m \u00een considerare, aceasta va descrie \u00een cele mai mici am\u0103nunte etapa \u00een care se afl\u0103 omul \u00een acel moment, abilit\u0103\u021bile care \u00eel caracterizeaz\u0103, avantajele pe care le are la \u00eendem\u00e2n\u0103 pentru a-\u0219i atinge obiectivele, ac\u021biunile prin care poate \u00eemplini toate acestea precum \u0219i alte indicii care se g\u0103sesc \u00een detaliile respectivului tablou.<\/p>\n\n\n\n<p>Cei care p\u0103trund pe aceast\u0103 cale sunt \u00eendemna\u021bi s\u0103 se foloseasc\u0103 cu \u00een\u021belepciune de inspira\u021bia pe care o vor primi prin utilizarea Maktub Tarot. Fiecare Arcan\u0103 ofer\u0103 cu generozitate acces la izvorul s\u0103u nesecat de cunoa\u0219tere \u0219i face acest lucru necondi\u021bionat. Utilitatea acestei opere este imposibil de descris \u00een cuvinte iar m\u0103re\u021bia pe care o pot atinge cei care \u00eei p\u0103trund tainele corespunde cu \u00eemplinirea propriului Destin.<\/p>\n\n\n\n<p><strong>Suada Agachi<\/strong><\/p>\n\n<\/div><\/div>\n\n<div class=\"gb-container gb-container-54248a35\"><div class=\"gb-inside-container\">\n\n<h2 class=\"gb-headline gb-headline-95a05a93 gb-headline-text\">Urmare\u0219te-m\u0103 \u0219i pe<\/h2>\n\n\n<div class=\"gb-grid-wrapper gb-grid-wrapper-ed3b0ead\">\n<div class=\"gb-grid-column gb-grid-column-ea2fba2f\"><div class=\"gb-container gb-container-ea2fba2f\"><div class=\"gb-inside-container\">\n\n<div class=\"wp-block-buttons is-layout-flex wp-block-buttons-is-layout-flex\">\n<div class=\"wp-block-button has-custom-width wp-block-button__width-100\"><a class=\"wp-block-button__link\" href=\"https:\/\/www.facebook.com\/agachisuada\/\" target=\"_blank\" rel=\"noreferrer noopener\">Facebook<\/a><\/div>\n<\/div>\n\n<\/div><\/div><\/div>\n\n<div class=\"gb-grid-column gb-grid-column-17faeea4\"><div class=\"gb-container gb-container-17faeea4\"><div class=\"gb-inside-container\">\n\n<div class=\"wp-block-buttons is-layout-flex wp-block-buttons-is-layout-flex\">\n<div class=\"wp-block-button has-custom-width wp-block-button__width-100\"><a class=\"wp-block-button__link\" href=\"https:\/\/www.instagram.com\/suadaagachi\/\" target=\"_blank\" rel=\"noreferrer noopener\">Instagram<\/a><\/div>\n<\/div>\n\n<\/div><\/div><\/div>\n\n<div class=\"gb-grid-column gb-grid-column-8a4b3a97\"><div class=\"gb-container gb-container-8a4b3a97\"><div class=\"gb-inside-container\">\n\n<div class=\"wp-block-buttons is-layout-flex wp-block-buttons-is-layout-flex\">\n<div class=\"wp-block-button has-custom-width wp-block-button__width-100\"><a class=\"wp-block-button__link\" href=\"https:\/\/www.youtube.com\/c\/SuadaAgachi\" target=\"_blank\" rel=\"noreferrer noopener\">YouTube<\/a><\/div>\n<\/div>\n\n<\/div><\/div><\/div>\n<\/div>\n<\/div><\/div>","protected":false},"excerpt":{"rendered":"<p>Maktub Tarot History Passionate about the study of ancient Egyptian art, painting, sculpture and the specific architecture of the civilization from the Nile Valley, dating from times and sources that even today remain a great mystery, Suada Agachi found inspiration to create a set of exceptional paintings. They contain the most powerful symbols that are &#8230; <a title=\"Despre\" class=\"read-more\" href=\"https:\/\/www.maktubtarot.com\/ro\/about\/\" aria-label=\"More on About\">Read More<\/a><\/p>","protected":false},"author":1,"featured_media":0,"parent":0,"menu_order":0,"comment_status":"closed","ping_status":"closed","template":"","meta":{"footnotes":""},"class_list":["post-2075","page","type-page","status-publish"],"yoast_head":"<!-- This site is optimized with the Yoast SEO plugin v27.5 - https:\/\/yoast.com\/product\/yoast-seo-wordpress\/ -->\n<title>About - Maktub Tarot<\/title>\n<meta name=\"robots\" content=\"index, follow, max-snippet:-1, max-image-preview:large, max-video-preview:-1\" \/>\n<link rel=\"canonical\" href=\"https:\/\/www.maktubtarot.com\/ro\/about\/\" \/>\n<meta property=\"og:locale\" content=\"ro_RO\" \/>\n<meta property=\"og:type\" content=\"article\" \/>\n<meta property=\"og:title\" content=\"About - Maktub Tarot\" \/>\n<meta property=\"og:description\" content=\"Maktub Tarot History Passionate about the study of ancient Egyptian art, painting, sculpture and the specific architecture of the civilization from the Nile Valley, dating from times and sources that even today remain a great mystery, Suada Agachi found inspiration to create a set of exceptional paintings. They contain the most powerful symbols that are ... Read More\" \/>\n<meta property=\"og:url\" content=\"https:\/\/www.maktubtarot.com\/ro\/about\/\" \/>\n<meta property=\"og:site_name\" content=\"Maktub Tarot\" \/>\n<meta property=\"article:modified_time\" content=\"2022-07-15T06:57:26+00:00\" \/>\n<meta property=\"og:image\" content=\"https:\/\/www.maktubtarot.com\/wp-content\/uploads\/2022\/07\/Reclame-Maktub-Tarot-piramide-mic.png\" \/>\n<meta name=\"twitter:card\" content=\"summary_large_image\" \/>\n<meta name=\"twitter:label1\" content=\"Timp estimat pentru citire\" \/>\n\t<meta name=\"twitter:data1\" content=\"6 minute\" \/>\n<script type=\"application\/ld+json\" class=\"yoast-schema-graph\">{\"@context\":\"https:\\\/\\\/schema.org\",\"@graph\":[{\"@type\":\"WebPage\",\"@id\":\"https:\\\/\\\/www.maktubtarot.com\\\/about\\\/\",\"url\":\"https:\\\/\\\/www.maktubtarot.com\\\/about\\\/\",\"name\":\"About - Maktub Tarot\",\"isPartOf\":{\"@id\":\"https:\\\/\\\/www.maktubtarot.com\\\/#website\"},\"primaryImageOfPage\":{\"@id\":\"https:\\\/\\\/www.maktubtarot.com\\\/about\\\/#primaryimage\"},\"image\":{\"@id\":\"https:\\\/\\\/www.maktubtarot.com\\\/about\\\/#primaryimage\"},\"thumbnailUrl\":\"https:\\\/\\\/www.maktubtarot.com\\\/wp-content\\\/uploads\\\/2022\\\/07\\\/Reclame-Maktub-Tarot-piramide-mic.png\",\"datePublished\":\"2020-08-05T21:07:29+00:00\",\"dateModified\":\"2022-07-15T06:57:26+00:00\",\"breadcrumb\":{\"@id\":\"https:\\\/\\\/www.maktubtarot.com\\\/about\\\/#breadcrumb\"},\"inLanguage\":\"ro-RO\",\"potentialAction\":[{\"@type\":\"ReadAction\",\"target\":[\"https:\\\/\\\/www.maktubtarot.com\\\/about\\\/\"]}]},{\"@type\":\"ImageObject\",\"inLanguage\":\"ro-RO\",\"@id\":\"https:\\\/\\\/www.maktubtarot.com\\\/about\\\/#primaryimage\",\"url\":\"https:\\\/\\\/www.maktubtarot.com\\\/wp-content\\\/uploads\\\/2022\\\/07\\\/Reclame-Maktub-Tarot-piramide-mic.png\",\"contentUrl\":\"https:\\\/\\\/www.maktubtarot.com\\\/wp-content\\\/uploads\\\/2022\\\/07\\\/Reclame-Maktub-Tarot-piramide-mic.png\"},{\"@type\":\"BreadcrumbList\",\"@id\":\"https:\\\/\\\/www.maktubtarot.com\\\/about\\\/#breadcrumb\",\"itemListElement\":[{\"@type\":\"ListItem\",\"position\":1,\"name\":\"Home\",\"item\":\"https:\\\/\\\/www.maktubtarot.com\\\/\"},{\"@type\":\"ListItem\",\"position\":2,\"name\":\"About\"}]},{\"@type\":\"WebSite\",\"@id\":\"https:\\\/\\\/www.maktubtarot.com\\\/#website\",\"url\":\"https:\\\/\\\/www.maktubtarot.com\\\/\",\"name\":\"Maktub Tarot\",\"description\":\"\",\"potentialAction\":[{\"@type\":\"SearchAction\",\"target\":{\"@type\":\"EntryPoint\",\"urlTemplate\":\"https:\\\/\\\/www.maktubtarot.com\\\/?s={search_term_string}\"},\"query-input\":{\"@type\":\"PropertyValueSpecification\",\"valueRequired\":true,\"valueName\":\"search_term_string\"}}],\"inLanguage\":\"ro-RO\"}]}<\/script>\n<!-- \/ Yoast SEO plugin. -->","yoast_head_json":{"title":"About - Maktub Tarot","robots":{"index":"index","follow":"follow","max-snippet":"max-snippet:-1","max-image-preview":"max-image-preview:large","max-video-preview":"max-video-preview:-1"},"canonical":"https:\/\/www.maktubtarot.com\/ro\/about\/","og_locale":"ro_RO","og_type":"article","og_title":"About - Maktub Tarot","og_description":"Maktub Tarot History Passionate about the study of ancient Egyptian art, painting, sculpture and the specific architecture of the civilization from the Nile Valley, dating from times and sources that even today remain a great mystery, Suada Agachi found inspiration to create a set of exceptional paintings. They contain the most powerful symbols that are ... Read More","og_url":"https:\/\/www.maktubtarot.com\/ro\/about\/","og_site_name":"Maktub Tarot","article_modified_time":"2022-07-15T06:57:26+00:00","og_image":[{"url":"https:\/\/www.maktubtarot.com\/wp-content\/uploads\/2022\/07\/Reclame-Maktub-Tarot-piramide-mic.png","type":"","width":"","height":""}],"twitter_card":"summary_large_image","twitter_misc":{"Timp estimat pentru citire":"6 minute"},"schema":{"@context":"https:\/\/schema.org","@graph":[{"@type":"WebPage","@id":"https:\/\/www.maktubtarot.com\/about\/","url":"https:\/\/www.maktubtarot.com\/about\/","name":"About - Maktub Tarot","isPartOf":{"@id":"https:\/\/www.maktubtarot.com\/#website"},"primaryImageOfPage":{"@id":"https:\/\/www.maktubtarot.com\/about\/#primaryimage"},"image":{"@id":"https:\/\/www.maktubtarot.com\/about\/#primaryimage"},"thumbnailUrl":"https:\/\/www.maktubtarot.com\/wp-content\/uploads\/2022\/07\/Reclame-Maktub-Tarot-piramide-mic.png","datePublished":"2020-08-05T21:07:29+00:00","dateModified":"2022-07-15T06:57:26+00:00","breadcrumb":{"@id":"https:\/\/www.maktubtarot.com\/about\/#breadcrumb"},"inLanguage":"ro-RO","potentialAction":[{"@type":"ReadAction","target":["https:\/\/www.maktubtarot.com\/about\/"]}]},{"@type":"ImageObject","inLanguage":"ro-RO","@id":"https:\/\/www.maktubtarot.com\/about\/#primaryimage","url":"https:\/\/www.maktubtarot.com\/wp-content\/uploads\/2022\/07\/Reclame-Maktub-Tarot-piramide-mic.png","contentUrl":"https:\/\/www.maktubtarot.com\/wp-content\/uploads\/2022\/07\/Reclame-Maktub-Tarot-piramide-mic.png"},{"@type":"BreadcrumbList","@id":"https:\/\/www.maktubtarot.com\/about\/#breadcrumb","itemListElement":[{"@type":"ListItem","position":1,"name":"Home","item":"https:\/\/www.maktubtarot.com\/"},{"@type":"ListItem","position":2,"name":"About"}]},{"@type":"WebSite","@id":"https:\/\/www.maktubtarot.com\/#website","url":"https:\/\/www.maktubtarot.com\/","name":"Maktub Tarot","description":"","potentialAction":[{"@type":"SearchAction","target":{"@type":"EntryPoint","urlTemplate":"https:\/\/www.maktubtarot.com\/?s={search_term_string}"},"query-input":{"@type":"PropertyValueSpecification","valueRequired":true,"valueName":"search_term_string"}}],"inLanguage":"ro-RO"}]}},"_links":{"self":[{"href":"https:\/\/www.maktubtarot.com\/ro\/wp-json\/wp\/v2\/pages\/2075","targetHints":{"allow":["GET"]}}],"collection":[{"href":"https:\/\/www.maktubtarot.com\/ro\/wp-json\/wp\/v2\/pages"}],"about":[{"href":"https:\/\/www.maktubtarot.com\/ro\/wp-json\/wp\/v2\/types\/page"}],"author":[{"embeddable":true,"href":"https:\/\/www.maktubtarot.com\/ro\/wp-json\/wp\/v2\/users\/1"}],"replies":[{"embeddable":true,"href":"https:\/\/www.maktubtarot.com\/ro\/wp-json\/wp\/v2\/comments?post=2075"}],"version-history":[{"count":20,"href":"https:\/\/www.maktubtarot.com\/ro\/wp-json\/wp\/v2\/pages\/2075\/revisions"}],"predecessor-version":[{"id":6269,"href":"https:\/\/www.maktubtarot.com\/ro\/wp-json\/wp\/v2\/pages\/2075\/revisions\/6269"}],"wp:attachment":[{"href":"https:\/\/www.maktubtarot.com\/ro\/wp-json\/wp\/v2\/media?parent=2075"}],"curies":[{"name":"wp","href":"https:\/\/api.w.org\/{rel}","templated":true}]}}