{"id":2070,"date":"2020-08-05T17:01:59","date_gmt":"2020-08-05T21:01:59","guid":{"rendered":"https:\/\/gpsites.co\/ethos\/?page_id=2070"},"modified":"2025-10-07T14:08:37","modified_gmt":"2025-10-07T11:08:37","slug":"home","status":"publish","type":"page","link":"https:\/\/www.maktubtarot.com\/ro\/","title":{"rendered":"Acas\u0103"},"content":{"rendered":"<div class=\"gb-container gb-container-b58db5b2\"><div class=\"gb-inside-container\">\n<div class=\"gb-grid-wrapper gb-grid-wrapper-5e224965\">\n<div class=\"gb-grid-column gb-grid-column-d95529b4\"><div class=\"gb-container gb-container-d95529b4\"><div class=\"gb-inside-container\">\n\n<h2 class=\"gb-headline gb-headline-3d99bf20 gb-headline-text tarot-font\">\"Viata este scrisa asa\"<\/h2>\n\n\n<div class=\"wp-block-image\">\n<figure class=\"aligncenter size-large is-resized\"><img loading=\"lazy\" decoding=\"async\" width=\"1024\" height=\"581\" src=\"https:\/\/www.maktubtarot.com\/wp-content\/uploads\/2022\/06\/Foto-Maktub-Tarot-Evantai-by-Suada-Agachi-umbre-1024x581.png\" alt=\"\" class=\"wp-image-5203\" style=\"width:667px;height:374px\" srcset=\"https:\/\/www.maktubtarot.com\/wp-content\/uploads\/2022\/06\/Foto-Maktub-Tarot-Evantai-by-Suada-Agachi-umbre-1024x581.png 1024w, https:\/\/www.maktubtarot.com\/wp-content\/uploads\/2022\/06\/Foto-Maktub-Tarot-Evantai-by-Suada-Agachi-umbre-300x170.png 300w, https:\/\/www.maktubtarot.com\/wp-content\/uploads\/2022\/06\/Foto-Maktub-Tarot-Evantai-by-Suada-Agachi-umbre-768x436.png 768w, https:\/\/www.maktubtarot.com\/wp-content\/uploads\/2022\/06\/Foto-Maktub-Tarot-Evantai-by-Suada-Agachi-umbre-18x10.png 18w, https:\/\/www.maktubtarot.com\/wp-content\/uploads\/2022\/06\/Foto-Maktub-Tarot-Evantai-by-Suada-Agachi-umbre-600x340.png 600w, https:\/\/www.maktubtarot.com\/wp-content\/uploads\/2022\/06\/Foto-Maktub-Tarot-Evantai-by-Suada-Agachi-umbre.png 1375w\" sizes=\"auto, (max-width: 1024px) 100vw, 1024px\" \/><\/figure>\n<\/div>\n<\/div><\/div><\/div>\n\n<div class=\"gb-grid-column gb-grid-column-1b340a84\"><div class=\"gb-container gb-container-1b340a84\"><div class=\"gb-inside-container\">\n\n<div class=\"wp-block-columns is-not-stacked-on-mobile is-layout-flex wp-container-core-columns-is-layout-9d6595d7 wp-block-columns-is-layout-flex\">\n<div class=\"wp-block-column is-layout-flow wp-block-column-is-layout-flow\">\n<figure class=\"wp-block-image size-large is-resized\"><a href=\"https:\/\/www.maktubtarot.com\/shop\/\"><img loading=\"lazy\" decoding=\"async\" width=\"790\" height=\"1024\" src=\"https:\/\/www.maktubtarot.com\/wp-content\/uploads\/2022\/06\/Maktub-Tarot-Box-3D-2-dreapta-790x1024.png\" alt=\"\" class=\"wp-image-5114\" style=\"width:271px;height:332px\" srcset=\"https:\/\/www.maktubtarot.com\/wp-content\/uploads\/2022\/06\/Maktub-Tarot-Box-3D-2-dreapta-790x1024.png 790w, https:\/\/www.maktubtarot.com\/wp-content\/uploads\/2022\/06\/Maktub-Tarot-Box-3D-2-dreapta-231x300.png 231w, https:\/\/www.maktubtarot.com\/wp-content\/uploads\/2022\/06\/Maktub-Tarot-Box-3D-2-dreapta-768x995.png 768w, https:\/\/www.maktubtarot.com\/wp-content\/uploads\/2022\/06\/Maktub-Tarot-Box-3D-2-dreapta-1185x1536.png 1185w, https:\/\/www.maktubtarot.com\/wp-content\/uploads\/2022\/06\/Maktub-Tarot-Box-3D-2-dreapta-300x389.png 300w, https:\/\/www.maktubtarot.com\/wp-content\/uploads\/2022\/06\/Maktub-Tarot-Box-3D-2-dreapta-600x778.png 600w, https:\/\/www.maktubtarot.com\/wp-content\/uploads\/2022\/06\/Maktub-Tarot-Box-3D-2-dreapta.png 1301w\" sizes=\"auto, (max-width: 790px) 100vw, 790px\" \/><\/a><\/figure>\n<\/div>\n\n\n\n<div class=\"wp-block-column is-layout-flow wp-block-column-is-layout-flow\">\n<figure class=\"wp-block-image size-large is-resized\"><a href=\"https:\/\/www.maktubtarot.com\/shop\/\"><img decoding=\"async\" src=\"https:\/\/www.maktubtarot.com\/wp-content\/uploads\/2022\/06\/Maktub-Tarot-Box-3D-9-dreapta-790x1024.png\" alt=\"\" class=\"wp-image-5110\" style=\"width:271px;height:331px\"\/><\/a><\/figure>\n<\/div>\n<\/div>\n\n<\/div><\/div><\/div>\n<\/div>\n<\/div><\/div>\n\n<div class=\"gb-container gb-container-8fb12daf\"><div class=\"gb-inside-container\">\n\n<h2 class=\"wp-block-heading\"><strong>Istoricul Maktub Tarot<\/strong><\/h2>\n\n\n\n<p>Pasionat\u0103 de studiul artei din Egiptul Antic, de pictura, sculptura \u0219i arhitectura specifice civiliza\u021biei de pe valea Nilului din timpuri \u0219i surse care \u0219i ast\u0103zi r\u0103m\u00e2n un mister, Suada Agachi \u0219i-a g\u0103sit inspira\u021bia pentru a realiza un set de picturi de excep\u021bie. Acestea sunt alc\u0103tuite din cele mai puternice simboluri care au menirea s\u0103-l \u00eendrume pe privitor pe Calea ce i-a fost scris\u0103 de \u00eensu\u0219i Creatorul s\u0103u. Ele reprezint\u0103 o surs\u0103 infinit\u0103 de inspira\u021bie \u0219i sunt \u00eenc\u0103rcate cu o for\u021b\u0103 revelatoare impresionant\u0103.<\/p>\n\n\n\n<p>\u00cen c\u0103l\u0103toriile sale prin Egipt, Suada Agachi a luat la pas locurile \u00eenc\u0103rcate de istorie \u0219i de amintiri ale unei civiliza\u021bii greu de \u00eenchipuit \u00een zilele noastre. De la marile ora\u0219e, la cele mai pu\u021bin accesibile regiuni pentru publicul larg, Suada a redescoperit pove\u0219tile cu t\u00e2lc, cunoa\u0219terea restr\u00e2ns\u0103 \u0219i plin\u0103 de \u00een\u021belepciune precum \u0219i sensul ascuns al simbolurilor pe care le g\u0103sim \u0219i ast\u0103zi peste tot \u00een jur.<\/p>\n\n\n\n<p><a href=\"https:\/\/www.maktubtarot.com\/about\/\">Cite\u0219te mai mult<\/a><\/p>\n\n<\/div><\/div>\n\n<div class=\"gb-container gb-container-b26590e9\"><div class=\"gb-inside-container\">\n<div class=\"gb-grid-wrapper gb-grid-wrapper-ac03a76a\">\n<div class=\"gb-grid-column gb-grid-column-472aef76\"><div class=\"gb-container gb-container-472aef76\"><div class=\"gb-inside-container\">\n\n<p><\/p>\n\n\n\n<figure class=\"wp-block-video\"><video height=\"1080\" style=\"aspect-ratio: 1920 \/ 1080;\" width=\"1920\" controls src=\"https:\/\/www.maktubtarot.com\/wp-content\/uploads\/2022\/06\/Nou_x264.mp4\"><\/video><\/figure>\n\n<\/div><\/div><\/div>\n\n<div class=\"gb-grid-column gb-grid-column-fc2de410\"><div class=\"gb-container gb-container-fc2de410\"><div class=\"gb-inside-container\">\n<div class=\"wp-block-image\">\n<figure class=\"aligncenter size-large is-resized\"><a href=\"https:\/\/www.maktubtarot.com\/shop\/\"><img loading=\"lazy\" decoding=\"async\" width=\"790\" height=\"1024\" src=\"https:\/\/www.maktubtarot.com\/wp-content\/uploads\/2022\/06\/Maktub-Tarot-Box-3D-9-dreapta-790x1024.png\" alt=\"\" class=\"wp-image-5116\" style=\"width:281px;height:360px\" srcset=\"https:\/\/www.maktubtarot.com\/wp-content\/uploads\/2022\/06\/Maktub-Tarot-Box-3D-9-dreapta-790x1024.png 790w, https:\/\/www.maktubtarot.com\/wp-content\/uploads\/2022\/06\/Maktub-Tarot-Box-3D-9-dreapta-231x300.png 231w, https:\/\/www.maktubtarot.com\/wp-content\/uploads\/2022\/06\/Maktub-Tarot-Box-3D-9-dreapta-768x995.png 768w, https:\/\/www.maktubtarot.com\/wp-content\/uploads\/2022\/06\/Maktub-Tarot-Box-3D-9-dreapta-1185x1536.png 1185w, https:\/\/www.maktubtarot.com\/wp-content\/uploads\/2022\/06\/Maktub-Tarot-Box-3D-9-dreapta-300x389.png 300w, https:\/\/www.maktubtarot.com\/wp-content\/uploads\/2022\/06\/Maktub-Tarot-Box-3D-9-dreapta-600x778.png 600w, https:\/\/www.maktubtarot.com\/wp-content\/uploads\/2022\/06\/Maktub-Tarot-Box-3D-9-dreapta-e1655365249840-9x12.png 9w, https:\/\/www.maktubtarot.com\/wp-content\/uploads\/2022\/06\/Maktub-Tarot-Box-3D-9-dreapta.png 1301w\" sizes=\"auto, (max-width: 790px) 100vw, 790px\" \/><\/a><\/figure>\n<\/div>\n\n\n<div class=\"wp-block-buttons is-horizontal is-content-justification-center is-layout-flex wp-container-core-buttons-is-layout-499968f5 wp-block-buttons-is-layout-flex\">\n<div class=\"wp-block-button\"><a class=\"wp-block-button__link wp-element-button\" href=\"https:\/\/edituramag.ro\/categoria\/tarot\/\">Comand\u0103 aici<\/a><\/div>\n<\/div>\n\n<\/div><\/div><\/div>\n<\/div>\n<\/div><\/div>","protected":false},"excerpt":{"rendered":"<p>Maktub Tarot History Passionate about the study of ancient Egyptian art, painting, sculpture and the specific architecture of the civilization from the Nile Valley, dating from times and sources that even today remain a great mystery, Suada Agachi found inspiration to create a set of exceptional paintings. They contain the most powerful symbols that are &#8230; <a title=\"Acas\u0103\" class=\"read-more\" href=\"https:\/\/www.maktubtarot.com\/ro\/\" aria-label=\"More on Home\">Read More<\/a><\/p>","protected":false},"author":1,"featured_media":0,"parent":0,"menu_order":0,"comment_status":"closed","ping_status":"closed","template":"","meta":{"footnotes":""},"class_list":["post-2070","page","type-page","status-publish"],"yoast_head":"<!-- This site is optimized with the Yoast SEO plugin v27.5 - https:\/\/yoast.com\/product\/yoast-seo-wordpress\/ -->\n<title>Home - Maktub Tarot<\/title>\n<meta name=\"robots\" content=\"index, follow, max-snippet:-1, max-image-preview:large, max-video-preview:-1\" \/>\n<link rel=\"canonical\" href=\"https:\/\/www.maktubtarot.com\/ro\/\" \/>\n<meta property=\"og:locale\" content=\"ro_RO\" \/>\n<meta property=\"og:type\" content=\"article\" \/>\n<meta property=\"og:title\" content=\"Home - Maktub Tarot\" \/>\n<meta property=\"og:description\" content=\"Maktub Tarot History Passionate about the study of ancient Egyptian art, painting, sculpture and the specific architecture of the civilization from the Nile Valley, dating from times and sources that even today remain a great mystery, Suada Agachi found inspiration to create a set of exceptional paintings. They contain the most powerful symbols that are ... Read More\" \/>\n<meta property=\"og:url\" content=\"https:\/\/www.maktubtarot.com\/ro\/\" \/>\n<meta property=\"og:site_name\" content=\"Maktub Tarot\" \/>\n<meta property=\"article:modified_time\" content=\"2025-10-07T11:08:37+00:00\" \/>\n<meta property=\"og:image\" content=\"https:\/\/www.maktubtarot.com\/wp-content\/uploads\/2022\/07\/Cutie-Maktub-Tarot-coperta-site-pt-Fb-mic.png\" \/>\n\t<meta property=\"og:image:width\" content=\"1280\" \/>\n\t<meta property=\"og:image:height\" content=\"685\" \/>\n\t<meta property=\"og:image:type\" content=\"image\/png\" \/>\n<meta name=\"twitter:card\" content=\"summary_large_image\" \/>\n<meta name=\"twitter:label1\" content=\"Timp estimat pentru citire\" \/>\n\t<meta name=\"twitter:data1\" content=\"2 minute\" \/>\n<script type=\"application\/ld+json\" class=\"yoast-schema-graph\">{\"@context\":\"https:\\\/\\\/schema.org\",\"@graph\":[{\"@type\":\"WebPage\",\"@id\":\"https:\\\/\\\/www.maktubtarot.com\\\/\",\"url\":\"https:\\\/\\\/www.maktubtarot.com\\\/\",\"name\":\"Home - Maktub Tarot\",\"isPartOf\":{\"@id\":\"https:\\\/\\\/www.maktubtarot.com\\\/#website\"},\"primaryImageOfPage\":{\"@id\":\"https:\\\/\\\/www.maktubtarot.com\\\/#primaryimage\"},\"image\":{\"@id\":\"https:\\\/\\\/www.maktubtarot.com\\\/#primaryimage\"},\"thumbnailUrl\":\"https:\\\/\\\/www.maktubtarot.com\\\/wp-content\\\/uploads\\\/2022\\\/06\\\/Foto-Maktub-Tarot-Evantai-by-Suada-Agachi-umbre-1024x581.png\",\"datePublished\":\"2020-08-05T21:01:59+00:00\",\"dateModified\":\"2025-10-07T11:08:37+00:00\",\"breadcrumb\":{\"@id\":\"https:\\\/\\\/www.maktubtarot.com\\\/#breadcrumb\"},\"inLanguage\":\"ro-RO\",\"potentialAction\":[{\"@type\":\"ReadAction\",\"target\":[\"https:\\\/\\\/www.maktubtarot.com\\\/\"]}]},{\"@type\":\"ImageObject\",\"inLanguage\":\"ro-RO\",\"@id\":\"https:\\\/\\\/www.maktubtarot.com\\\/#primaryimage\",\"url\":\"https:\\\/\\\/www.maktubtarot.com\\\/wp-content\\\/uploads\\\/2022\\\/06\\\/Foto-Maktub-Tarot-Evantai-by-Suada-Agachi-umbre-1024x581.png\",\"contentUrl\":\"https:\\\/\\\/www.maktubtarot.com\\\/wp-content\\\/uploads\\\/2022\\\/06\\\/Foto-Maktub-Tarot-Evantai-by-Suada-Agachi-umbre-1024x581.png\"},{\"@type\":\"BreadcrumbList\",\"@id\":\"https:\\\/\\\/www.maktubtarot.com\\\/#breadcrumb\",\"itemListElement\":[{\"@type\":\"ListItem\",\"position\":1,\"name\":\"Home\",\"item\":\"https:\\\/\\\/www.maktubtarot.com\\\/\"},{\"@type\":\"ListItem\",\"position\":2,\"name\":\"Home\"}]},{\"@type\":\"WebSite\",\"@id\":\"https:\\\/\\\/www.maktubtarot.com\\\/#website\",\"url\":\"https:\\\/\\\/www.maktubtarot.com\\\/\",\"name\":\"Maktub Tarot\",\"description\":\"\",\"potentialAction\":[{\"@type\":\"SearchAction\",\"target\":{\"@type\":\"EntryPoint\",\"urlTemplate\":\"https:\\\/\\\/www.maktubtarot.com\\\/?s={search_term_string}\"},\"query-input\":{\"@type\":\"PropertyValueSpecification\",\"valueRequired\":true,\"valueName\":\"search_term_string\"}}],\"inLanguage\":\"ro-RO\"}]}<\/script>\n<!-- \/ Yoast SEO plugin. -->","yoast_head_json":{"title":"Home - Maktub Tarot","robots":{"index":"index","follow":"follow","max-snippet":"max-snippet:-1","max-image-preview":"max-image-preview:large","max-video-preview":"max-video-preview:-1"},"canonical":"https:\/\/www.maktubtarot.com\/ro\/","og_locale":"ro_RO","og_type":"article","og_title":"Home - Maktub Tarot","og_description":"Maktub Tarot History Passionate about the study of ancient Egyptian art, painting, sculpture and the specific architecture of the civilization from the Nile Valley, dating from times and sources that even today remain a great mystery, Suada Agachi found inspiration to create a set of exceptional paintings. They contain the most powerful symbols that are ... Read More","og_url":"https:\/\/www.maktubtarot.com\/ro\/","og_site_name":"Maktub Tarot","article_modified_time":"2025-10-07T11:08:37+00:00","og_image":[{"width":1280,"height":685,"url":"https:\/\/www.maktubtarot.com\/wp-content\/uploads\/2022\/07\/Cutie-Maktub-Tarot-coperta-site-pt-Fb-mic.png","type":"image\/png"}],"twitter_card":"summary_large_image","twitter_misc":{"Timp estimat pentru citire":"2 minute"},"schema":{"@context":"https:\/\/schema.org","@graph":[{"@type":"WebPage","@id":"https:\/\/www.maktubtarot.com\/","url":"https:\/\/www.maktubtarot.com\/","name":"Home - Maktub Tarot","isPartOf":{"@id":"https:\/\/www.maktubtarot.com\/#website"},"primaryImageOfPage":{"@id":"https:\/\/www.maktubtarot.com\/#primaryimage"},"image":{"@id":"https:\/\/www.maktubtarot.com\/#primaryimage"},"thumbnailUrl":"https:\/\/www.maktubtarot.com\/wp-content\/uploads\/2022\/06\/Foto-Maktub-Tarot-Evantai-by-Suada-Agachi-umbre-1024x581.png","datePublished":"2020-08-05T21:01:59+00:00","dateModified":"2025-10-07T11:08:37+00:00","breadcrumb":{"@id":"https:\/\/www.maktubtarot.com\/#breadcrumb"},"inLanguage":"ro-RO","potentialAction":[{"@type":"ReadAction","target":["https:\/\/www.maktubtarot.com\/"]}]},{"@type":"ImageObject","inLanguage":"ro-RO","@id":"https:\/\/www.maktubtarot.com\/#primaryimage","url":"https:\/\/www.maktubtarot.com\/wp-content\/uploads\/2022\/06\/Foto-Maktub-Tarot-Evantai-by-Suada-Agachi-umbre-1024x581.png","contentUrl":"https:\/\/www.maktubtarot.com\/wp-content\/uploads\/2022\/06\/Foto-Maktub-Tarot-Evantai-by-Suada-Agachi-umbre-1024x581.png"},{"@type":"BreadcrumbList","@id":"https:\/\/www.maktubtarot.com\/#breadcrumb","itemListElement":[{"@type":"ListItem","position":1,"name":"Home","item":"https:\/\/www.maktubtarot.com\/"},{"@type":"ListItem","position":2,"name":"Home"}]},{"@type":"WebSite","@id":"https:\/\/www.maktubtarot.com\/#website","url":"https:\/\/www.maktubtarot.com\/","name":"Maktub Tarot","description":"","potentialAction":[{"@type":"SearchAction","target":{"@type":"EntryPoint","urlTemplate":"https:\/\/www.maktubtarot.com\/?s={search_term_string}"},"query-input":{"@type":"PropertyValueSpecification","valueRequired":true,"valueName":"search_term_string"}}],"inLanguage":"ro-RO"}]}},"_links":{"self":[{"href":"https:\/\/www.maktubtarot.com\/ro\/wp-json\/wp\/v2\/pages\/2070","targetHints":{"allow":["GET"]}}],"collection":[{"href":"https:\/\/www.maktubtarot.com\/ro\/wp-json\/wp\/v2\/pages"}],"about":[{"href":"https:\/\/www.maktubtarot.com\/ro\/wp-json\/wp\/v2\/types\/page"}],"author":[{"embeddable":true,"href":"https:\/\/www.maktubtarot.com\/ro\/wp-json\/wp\/v2\/users\/1"}],"replies":[{"embeddable":true,"href":"https:\/\/www.maktubtarot.com\/ro\/wp-json\/wp\/v2\/comments?post=2070"}],"version-history":[{"count":172,"href":"https:\/\/www.maktubtarot.com\/ro\/wp-json\/wp\/v2\/pages\/2070\/revisions"}],"predecessor-version":[{"id":6594,"href":"https:\/\/www.maktubtarot.com\/ro\/wp-json\/wp\/v2\/pages\/2070\/revisions\/6594"}],"wp:attachment":[{"href":"https:\/\/www.maktubtarot.com\/ro\/wp-json\/wp\/v2\/media?parent=2070"}],"curies":[{"name":"wp","href":"https:\/\/api.w.org\/{rel}","templated":true}]}}