{"id":5278,"date":"2022-06-15T12:35:27","date_gmt":"2022-06-15T12:35:27","guid":{"rendered":"https:\/\/www.maktubtarot.com\/?page_id=5278"},"modified":"2022-06-15T12:35:29","modified_gmt":"2022-06-15T12:35:29","slug":"termenii-si-conditiile-de-utilizare","status":"publish","type":"page","link":"https:\/\/www.maktubtarot.com\/en\/termenii-si-conditiile-de-utilizare\/","title":{"rendered":"TERMENII \u0218I CONDI\u021aIILE DE UTILIZARE"},"content":{"rendered":"<div class=\"gb-container gb-container-3bb8eb5a\"><div class=\"gb-inside-container\">\n\n<p>Comunicarea \u00een mediul on-line reprezint\u0103 una dintre cele mai rapide modalit\u0103\u021bi de a p\u0103stra leg\u0103tura direct \u0219i rapid cu clien\u021bii \u0219i partenerii no\u0219tri. Unele dintre aspectele cele mai importante ale serviciilor pe care le oferim sunt protejarea datelor personale ale clien\u021bilor no\u0219tri \u0219i faptul c\u0103 ne angaj\u0103m cu fermitate s\u0103 ne \u00eendeplinim angajamentele cu cel mai \u00eenalt grad de profesionalism.<\/p>\n\n\n\n<p>\u00cencep\u00e2nd cu data de&nbsp;<strong>25 mai 2018<\/strong>&nbsp;<em>SC WORLD AGACHI MENTOR SRL<\/em>&nbsp;(denumit\u0103 \u00een continuare&nbsp;<strong>WAM<\/strong>) \u00eenregistrat\u0103 la Oficiul Registrului Comer\u021bului cu nr.<em>J35\/353\/2018, CUI 38800485<\/em>, va adopta regulamentul UE 2016\/679. Cunoscut\u0103 ca \u0219i GDPR (General Data Protection Regulation) sau Regulamentul general privind protec\u021bia datelor personale, aceast\u0103 m\u0103sur\u0103 va intra \u00een vigoare \u00een toate statele membre ale Uniunii Europene.<\/p>\n\n\n\n<p>V\u0103 asigur\u0103m c\u0103 WAM va continua s\u0103 prelucreze datele furnizate de clien\u021bii s\u0103i doar \u00een scopuri bine definite, precum livrarea de informa\u021bii despre noile servicii disponibile, transmiterea de oferte personalizate \u0219i pentru p\u0103strarea unei rela\u021bii c\u00e2t mai bune cu clien\u021bii s\u0103i.<\/p>\n\n\n\n<p><strong>Foarte important de re\u021binut!&nbsp;<\/strong>Informa\u021biile cu caracter personal colectate de WAM&nbsp;<strong>NU SUNT TRANSMISE<\/strong>&nbsp;c\u0103tre o ter\u021b\u0103 persoan\u0103. Acestea vor fi folosite strict \u00een scopurile enumerate la paragraful anterior.<\/p>\n\n\n\n<p><strong>Contractul dintre noi<\/strong><\/p>\n\n\n\n<p>1. Orice contract pentru achizi\u021bii efectuate prin intermediul site-ului web, va fi cu World Agachi Mentor (num\u0103rul de \u00eenregistrare al companiei J35 \/ 353\/2018) al c\u0103rui sediu social este situat la STR. MARE\u0218AL ALEXANDRU AVERESCU, NR.37, AP.8, Timi\u0219oara, Timi\u0219, Rom\u00e2nia. Numerele noastre de \u00eenregistrare fiscal\u0103 sunt listate \u00een sec\u021biunea \u201eTax\u0103 pe valoarea ad\u0103ugat\u0103 (TVA) si alte taxe\u201d din paragraful de mai jos.<\/p>\n\n\n\n<p>2. World Agachi Mentor trebuie s\u0103 primeasc\u0103 plata \u00eentregului pre\u021b pentru bunurile pe care le comanda\u021bi \u00eenainte ca comanda dvs. s\u0103 poat\u0103 fi procesat\u0103. Plata pre\u021bului anun\u021bat va fi efectuat\u0103 prin sistemele de plata puse la dispozi\u021bie prin intermediul site-ului web <a href=\"http:\/\/www.maktubtarot.com\">www.maktubtarot.com<\/a>. \u00cenc\u0103rcarea metodei de plat\u0103 nu \u00eenseamn\u0103 c\u0103 o comand\u0103 a fost acceptat\u0103 de World Agachi Mentor. Dup\u0103 procesarea pl\u0103\u021bii, World Agachi Mentor v\u0103 va confirma c\u0103 a primit comanda dvs., trimi\u021b\u00e2ndu-v\u0103 un e-mail la adresa de e-mail pe care o furniza\u021bi. E-mailul va include numele dvs., num\u0103rul comenzii \u0219i pre\u021bul total perceput. Acceptarea comenzii de c\u0103tre World Agachi Mentor (ceea ce se va \u00eent\u00e2mpla atunci c\u00e2nd World Agachi Mentor va expedia comanda dvs.) aduce \u00een existen\u021b\u0103 un contract obligatoriu juridic \u00eentre noi \u00een aceste condi\u021bii. Orice termen dorit s\u0103 fie impus de dvs. \u00een comanda dvs. nu va face parte din contract.<\/p>\n\n\n\n<p>3. World Agachi Mentor nu va procesa nicio comand\u0103 \u00een caz de erori sau inexactit\u0103\u021bi cu privire la bunurile (inclusiv pre\u021bul publicitar al bunurilor) care apar pe site-ul nostru web. Dac\u0103 se descoper\u0103 o eroare sau o inexactitate \u00een ceea ce prive\u0219te pre\u021bul publicitar al bunurilor pe care le-a\u021bi comandat, v\u0103 vom contacta c\u00e2t mai cur\u00e2nd posibil prin e-mail \u0219i ne vom rezerva dreptul de a anula comanda.<\/p>\n\n\n\n<p>4. Acest site web este strict pentru uz personal \u0219i necomercial. Sunte\u021bi de acord s\u0103 nu utiliza\u021bi site-ul web \u00een scopuri comerciale sau comerciale sau s\u0103 plasa\u021bi comenzi care vor fi sau vor fi v\u00e2ndute unei ter\u021be p\u0103r\u021bi. Dac\u0103 sunte\u021bi suspectat c\u0103 utiliza\u021bi site-ul web \u00een oricare dintre aceste moduri, ne rezerv\u0103m dreptul de a ne retrage din orice contract (e) relevant (e) \u0219i de a anula comenzi.<\/p>\n\n\n\n<p>5. Nu trebuie s\u0103 utiliza\u021bi acest site web: (I) \u00eentr-un mod care atac\u0103 sau este posibil s\u0103 atace site-ul web <a href=\"http:\/\/www.maktubtarot.com\">www.maktubtarot.com<\/a> al Suada Agachi | World Agachi Mentor care va rezulta \u00een \u00eentreruperea serviciului, deteriorarea sistemelor sau afectarea acestora \u00een orice mod sau (II) \u00een scopuri frauduloase sau \u00een leg\u0103tur\u0103 cu o infrac\u021biune sau alte activit\u0103\u021bi ilegale. Ne rezerv\u0103m dreptul de a anula orice comand\u0103 sau de a refuza orice cerere c\u0103tre <a href=\"http:\/\/www.maktubtarot.com\">www.maktubtarot.com<\/a> al Suada Agachi | World Agachi Mentor dac\u0103 comportamentul dvs. ne ofer\u0103 un motiv justificat pentru a face acest lucru. Acesta va fi cazul \u00een special dac\u0103 \u00eenc\u0103lca\u021bi legile aplicabile, prevederile contractuale aplicabile, liniile directoare sau politicile noastre, care sunt toate accesibile pe acest site web sau dac\u0103 v\u0103 implica\u021bi \u00een activit\u0103\u021bi sau comportamente frauduloase.<\/p>\n\n\n\n<p><strong>Livrarea de bunuri c\u0103tre dvs.<\/strong><\/p>\n\n\n\n<p>Suada Agachi | World Agachi Mentor prin <a href=\"http:\/\/www.maktubtarot.com\">www.maktubtarot.com<\/a>, va angaja un curier \u00een numele dvs. pentru bunurile comandate de dvs. c\u0103tre persoana \u0219i adresa pe care le-a\u021bi furnizat c\u0103tre Suada Agachi | World Agachi Mentor \u00een momentul \u00een care face\u021bi comanda. Livrarea se va face c\u00e2t mai cur\u00e2nd posibil dup\u0103 acceptarea comenzii dvs. \u0219i, \u00een orice caz, \u00een termen de 30 de zile de la expedierea comenzii. Toate termenele de livrare indicate pe site <a href=\"http:\/\/www.maktubtarot.com\">www.maktubtarot.com<\/a> sunt doar estimative, \u00een func\u021bie de disponibilitate, procesare normal\u0103 \u0219i companii de livrare. Ve\u021bi deveni proprietarul bunurilor pe care le-a\u021bi comandat atunci c\u00e2nd bunurile vi se expediaz\u0103 din centrul nostru de distribu\u021bie.<\/p>\n\n\n\n<p><strong>Taxa pe valoarea ad\u0103ugat\u0103 (TVA) \u0219i alte taxe<\/strong><\/p>\n\n\n\n<p>Toate pre\u021burile afi\u0219ate pe site-ul web <a href=\"http:\/\/www.maktubtarot.com\">www.maktubtarot.com<\/a> includ TVA aplicat pe teritoriul Rom\u00e2niei.<\/p>\n\n\n\n<p>C\u00e2nd comanda\u021bi bunuri de la Suada Agachi | World Agachi Mentor, prin <a href=\"http:\/\/www.maktubtarot.com\">www.maktubtarot.com<\/a>, pentru livrare c\u0103tre alte destina\u021bii in afara UE, este posibil s\u0103 fi\u021bi supu\u0219i taxelor \u0219i taxelor de import care se percep odat\u0103 ce pachetul ajunge \u00een \u021bara dvs. Eventualele taxe suplimentare pentru v\u0103muirea trebuie s\u0103 fie suportate de dvs.; nu avem control asupra acestor taxe \u0219i nu putem prezice care ar putea fi acestea.<\/p>\n\n\n\n<p>Politicile vamale variaz\u0103 foarte mult de la o \u021bar\u0103 la alta, a\u0219a c\u0103 trebuie s\u0103 contacta\u021bi biroul vamal local pentru informa\u021bii suplimentare.<\/p>\n\n\n\n<p>V\u0103 rug\u0103m s\u0103 re\u021bine\u021bi c\u0103 atunci c\u00e2nd comanda\u021bi de la Suada Agachi | World Agachi Mentor, prin <a href=\"http:\/\/www.maktubtarot.com\">www.maktubtarot.com<\/a>, sunte\u021bi considerat importatorul de \u00eenregistr\u0103ri \u0219i trebuie s\u0103 respecta\u021bi toate legile \u0219i reglement\u0103rile din \u021bara \u00een care primi\u021bi m\u0103rfurile.<\/p>\n\n\n\n<p>Num\u0103r de \u00eenregistrare fiscal\u0103<\/p>\n\n\n\n<p>Rom\u00e2nia RO38800485<\/p>\n\n\n\n<p><strong>Dreptul dvs. de anulare<\/strong><\/p>\n\n\n\n<ol class=\"wp-block-list\"><li>Dac\u0103 sunte\u021bi o persoan\u0103 fizic\u0103 \u0219i nu cump\u0103ra\u021bi bunuri \u00een numele unei companii, v\u0103 pute\u021bi anula comanda f\u0103r\u0103 a oferi niciun motiv \u00een termen de 14 zile de la ziua \u00een care primi\u021bi articolele (sau ultimul articol dac\u0103 au fost expediate separat) . Trebuie s\u0103 ne anun\u021ba\u021bi anularea. Ne pute\u021bi notifica prin formularul nostru de contact online sau prin e-mail&nbsp;<a href=\"mailto:contact@maktubtarot.com\">contact@maktubtarot.com<\/a>.<\/li><\/ol>\n\n\n\n<p>2.&nbsp;<strong>Pachetul trebuie trimis dup\u0103 primire, \u00een ambalajul original \u0219i sigilat, a\u0219a cum a fost predat de c\u0103tre serviciul de curierat clientului. Dac\u0103 pachetul este desigilat, ve\u021bi pierde dreptul de returnare.<\/strong><\/p>\n\n\n\n<p>3. Ve\u021bi fi responsabil pentru costul return\u0103rii articolului c\u0103tre noi, cu excep\u021bia cazului \u00een care vi l-am livrat din gre\u0219eal\u0103 sau este defect. Trebuie s\u0103 ne trimite\u021bi articolul \u00eenapoi \u00een cel mult 14 zile din ziua \u00een care ne-a\u021bi notificat anularea, urm\u00e2nd instruc\u021biunile pe care vi le transmitem telefonic sau prin email.<\/p>\n\n\n\n<p>4. Vom rambursa pre\u021bul articolului nu mai t\u00e2rziu de 14 zile din ziua \u00een care primim articolul \u00eenapoi de la dvs. sau, dac\u0103 este mai devreme, \u00een ziua \u00een care ne furniza\u021bi dovezi acceptabile \u00een mod rezonabil c\u0103 a\u021bi trimis articolul \u00eenapoi . V\u0103 vom rambursa prin acelea\u0219i mijloace de plat\u0103 pe care le-a\u021bi folosit pentru efectuarea achizi\u021biei.<\/p>\n\n\n\n<p>5.&nbsp;<strong>BUNURI\/SERVICII PENTRU CARE NU SE ASIGUR\u0102 DREPTUL DE RETRAGERE<\/strong><\/p>\n\n\n\n<p>Suada Agachi | World Agachi Mentor ofer\u0103 servicii online prin intermediul platformei www.maktubtarot.com, www.suadaagachi.com, www.suada.ro, cursuri.suada.ro, www.secretulnumerelor.ro si www.eduardagachi.com. Furnizarea de con\u021binut digital care nu este livrat pe un suport material, dac\u0103 prestarea a \u00eenceput cu acordul prealabil expres al Cump\u0103r\u0103torului al Condi\u021biilor De Utilizare prezentate \u0219i prin acesta a confirmat c\u0103 a luat cuno\u0219tin\u021b\u0103 de faptul c\u0103 \u00ee\u0219i va pierde dreptul la retragere.<\/p>\n\n\n\n<p><strong>Care sunt datele cu caracter personal colectate de WAM?<\/strong><\/p>\n\n\n\n<p>Datele personale sunt acele informa\u021bii prin care un client poate fi identificat \u00een mod direct sau indirect. WAM ob\u021bine aceste date astfel:<\/p>\n\n\n\n<p><strong>Direct de la client<\/strong><\/p>\n\n\n\n<p>WAM colecteaz\u0103 date personale direct de la client, \u00een momentul \u00een care acesta solicit\u0103 informa\u021bii despre sau se \u00eenscrie la unul dintre evenimentele organizate \u00een \u021bar\u0103 sau \u00een str\u0103in\u0103tate, prin telefon sau prin formularul de contact\/ \u00eenscriere afi\u0219at pe prin www.maktubtarot.com, www.suadaagachi.com, www.suada.ro, cursuri.suada.ro, www.secretulnumerelor.ro, www.eduardagachi.com \u0219i care presupune furnizarea unor date precum:<\/p>\n\n\n\n<p>\u2013 nume, prenume, data na\u0219terii;<\/p>\n\n\n\n<p>\u2013 adresa de e-mail;<\/p>\n\n\n\n<p>\u2013 num\u0103r de telefon;<\/p>\n\n\n\n<p>\u2013 adresa de domiciliu \u2013 pentru livrarea produselor comandate.<\/p>\n\n\n\n<p>Refuzul dumneavoastr\u0103 de a furniza aceste date determin\u0103 imposibilitatea operatorilor WAM de a v\u0103 oferi informa\u021biile pe care le solicita\u021bi sau de a v\u0103 transmite detalii privind data, loca\u021bia, condi\u021bii de participare \u0219i altele informa\u021bii organizatorice, precum \u0219i pentru a v\u0103 fi furnizate materialele de studiu aferente sau s\u0103 v\u0103 livr\u0103m produsele comandate.<\/p>\n\n\n\n<p>WAM poate solicita \u0219i alte date personale, de exemplu, datele din documentul de identitate \u00een vederea emiterii facturii fiscale, \u00een urma achizi\u021bion\u0103rii unui serviciu.<\/p>\n\n\n\n<p><strong>Automat<\/strong><\/p>\n\n\n\n<p>Acest tip de informa\u021bii sunt strict limitate la istoria activit\u0103\u021bii unui utilizator pe unul din site-www.maktubtarot.com, www.suadaagachi.com, www.suada.ro, cursuri.suada.ro, www.secretulnumerelor.ro, www.eduardagachi.com \u0219i&nbsp;<strong>NU<\/strong>&nbsp;include nici o informa\u021bie cu caracter personal. Este vorba despre informa\u021biile de tip&nbsp;<em>cookie<\/em>&nbsp;(vezi mai jos ce \u00eenseamn\u0103&nbsp;<em>cookie<\/em>&nbsp;\u0219i cum sunt folosite), care pot fi con\u021binute de unele dintre paginile site-urilor \u0219i folosite doar \u00een scopul \u00eembun\u0103t\u0103\u021birii experien\u021bei pe site. De exemplu, dac\u0103 e\u0219ti deja abonat la newsletter, nu vei mai primi un nou mesaj de abonare c\u00e2t timp navighezi pe paginile care te intereseaz\u0103.<\/p>\n\n\n\n<p><strong>De ce prelucr\u0103m acest tip de date?<\/strong><\/p>\n\n\n\n<p>WAM prelucreaz\u0103 datele personale ale clien\u021bilor doar \u00een vederea \u00eembun\u0103t\u0103\u021birii rela\u021biei cu ace\u0219tia \u0219i pentru a se asigura c\u0103 ofer\u0103 servicii personalizate \u0219i \u00een conformitate cu necesit\u0103\u021bile \u0219i dorin\u021bele clien\u021bilor. Datele personale sunt folosite strict pentru activit\u0103\u021bi de informare, promovare \u0219i marketing ale WAM \u0219i nu sunt \u00eenstr\u0103inate c\u0103tre o ter\u021b\u0103 persoan\u0103.<\/p>\n\n\n\n<p>Dac\u0103 sunte\u021bi de acord cu acestea, operatorii WAM v\u0103 vor oferi informa\u021bii cu privire la:<\/p>\n\n\n\n<p>\u2013 produsele, evenimentele \u0219i serviciile oferite de WAM;<\/p>\n\n\n\n<p>\u2013 oferte personalizate \u00een urma verific\u0103rii eligibilit\u0103\u021bii dumneavoastr\u0103 \u0219i a faptului c\u0103 \u00eendeplini\u021bi condi\u021biile pentru a beneficia de oferte speciale;<\/p>\n\n\n\n<p>\u2013 op\u021biunile dumneavoastr\u0103 de a beneficia de produse \u0219i servicii adresate doar anumitor clien\u021bi (pentru clien\u021bii care au participat la evenimente organizate de WAM sau au apelat serviciile oferite);<\/p>\n\n\n\n<p>Prin aceast\u0103 activitate, WAM \u00ee\u0219i dore\u0219te totodat\u0103 s\u0103 optimizeze rela\u021biile cu clien\u021bii \u00een scopul de a oferi acestora experien\u021be deosebite, bazate pe profesionalism \u0219i \u00eencredere reciproc\u0103.<\/p>\n\n\n\n<p><strong>Drepturile clien\u021bilor cu privire la prelucrarea datelor personale:<\/strong><\/p>\n\n\n\n<p>Clientul are drepturi specifice \u00een ceea ce prive\u0219te protec\u021bia datelor, iar WAM asigur\u0103 un mediu care faciliteaz\u0103 exercitarea acestora (dreptul de acces, de rectificare, de obiec\u021bie, de \u0219tergere, de primire a datelor personale sau de depunere a unei reclama\u021bii).<\/p>\n\n\n\n<p>WAM a luat m\u0103surile de precau\u021bie necesare pentru a asigura clientul c\u0103 drepturile sale de protec\u021bie a datelor sunt respectate corespunz\u0103tor.<\/p>\n\n\n\n<p>Clientul are dreptul:<\/p>\n\n\n\n<p>\u2013 s\u0103 acceseze datele sale personale, s\u0103 le modifice, restric\u021bioneze, s\u0103 \u00ee\u0219i retrag\u0103 acordul sau s\u0103 se opun\u0103 prelucr\u0103rii acestora sau s\u0103 solicite \u0219tergerea acestora;<\/p>\n\n\n\n<p>\u2013 s\u0103 acceseze datele sale personale sau s\u0103 solicite WAM transmiterea lor c\u0103tre o alt\u0103 entitate;<\/p>\n\n\n\n<p>\u2013 s\u0103 dezactiveze anumite tipuri de colectare sau utilizare a datelor sale, inclusiv utilizarea anumitor cookie-uri \u0219i unor tehnologii similare;<\/p>\n\n\n\n<p>\u2013 s\u0103 depun\u0103 o reclama\u021bie la autoritatea de supraveghere competent\u0103 \u2013 \u00een Rom\u00e2nia aceasta este Autoritatea Na\u021bional\u0103 de Supraveghere a Prelucr\u0103rilor de Date cu Caracter Personal (ANSPDCP);<\/p>\n\n\n\n<p>\u2013 s\u0103 solicite WAM s\u0103 corecteze orice inexactit\u0103\u021bi din datele sale personale folosind datele de contact disponibile&nbsp;<a href=\"http:\/\/maktubtarot.com\/contact\/\"><strong>aici<\/strong><\/a>.<\/p>\n\n\n\n<p><strong>Cum sunt stocate aceste informa\u021bii?<\/strong><\/p>\n\n\n\n<p>Pentru a garanta siguran\u021ba datelor personale, WAM a implementat o serie de m\u0103suri de securitate care sunt \u00een conformitate cu standardele industriei. Acestea sunt stocate pe servere \u0219i unit\u0103\u021bi optice de stocare administrate \u0219i operate doar prin grija administratorilor WAM.<\/p>\n\n\n\n<p><strong>Ce sunt cookie-urile \u0219i cum le folosim?<\/strong><\/p>\n\n\n\n<p>Cookie: pentru \u00eembun\u0103t\u0103\u021birea experien\u021bei vizitatorilor pe site-urile&nbsp;www.maktubtarot.com, www.suadaagachi.com, www.suada.ro, cursuri.suada.ro, www.secretulnumerelor.ro si www.eduardagachi.com, WAM poate folosi tehnologiile standard denumite \u201ecookies\u201d pentru a colecta informa\u021bii despre modul de folosire a site-urilor men\u021bionate.<\/p>\n\n\n\n<p>Un cookie este un mic fi\u0219ier text, care este stocat pe calculatorul vizitatorului, dac\u0103 browserul (Firefox, InternetExplorer, Chrome sau Opera, etc.) permite aceste lucru \u015fi poate fi trimis c\u0103tre baza de date a site-ului vizitat, pentru identificarea utilizatorului.<\/p>\n\n\n\n<p>Un cookie nu poate fi citit de un alt site care nu a creat acel cookie. Un cookie nu se comport\u0103 ca un virus sau ca alte programe de capturare a Informa\u021biilor de Identificare Personal\u0103 aflate pe calculatorul utilizatorului.<\/p>\n\n\n\n<p><strong>Mai multe despre reglementarea privind protec\u021bia datelor personale<\/strong><\/p>\n\n\n\n<p>Pentru orice \u00eentrebare referitoare la datele personale sau pentru exercitarea drepturilor legale, clientul se poate adresa operatorilor WAM prin utilizarea adresei de contact:&nbsp;contact@maktubtarot.com.<\/p>\n\n\n\n<p>Mai mult, clientului \u00eei sunt puse la dispozi\u021bie, pe&nbsp;<a href=\"http:\/\/www.maktubtarot.com\">www.maktubtarot.com<\/a> , formulare pentru exprimarea nel\u0103muririlor sau \u00eentreb\u0103rilor sale.<\/p>\n\n\n\n<p><strong>Date companie<\/strong><\/p>\n\n\n\n<p>WORLD AGACHI MENTOR S.R.L.<br>CIF: 38800485<br>Nr.reg.com.: J35\/353\/2018<br>Adresa: STR. MARE\u015eAL ALEXANDRU AVERESCU, NR.37, SC.A, ET.1, AP.8, Timi\u0219oara, Timi\u0219<br>Telefon: 004 0730 353 355<br>Email: contact@maktubtarot.com<\/p>\n\n<\/div><\/div>","protected":false},"excerpt":{"rendered":"<p>Comunicarea \u00een mediul on-line reprezint\u0103 una dintre cele mai rapide modalit\u0103\u021bi de a p\u0103stra leg\u0103tura direct \u0219i rapid cu clien\u021bii \u0219i partenerii no\u0219tri. Unele dintre aspectele cele mai importante ale serviciilor pe care le oferim sunt protejarea datelor personale ale clien\u021bilor no\u0219tri \u0219i faptul c\u0103 ne angaj\u0103m cu fermitate s\u0103 ne \u00eendeplinim angajamentele cu cel &#8230; <a title=\"TERMENII \u0218I CONDI\u021aIILE DE UTILIZARE\" class=\"read-more\" href=\"https:\/\/www.maktubtarot.com\/en\/termenii-si-conditiile-de-utilizare\/\" aria-label=\"More on TERMENII \u0218I CONDI\u021aIILE DE UTILIZARE\">Read More<\/a><\/p>\n","protected":false},"author":1,"featured_media":0,"parent":0,"menu_order":0,"comment_status":"closed","ping_status":"closed","template":"","meta":{"footnotes":""},"class_list":["post-5278","page","type-page","status-publish"],"yoast_head":"<!-- This site is optimized with the Yoast SEO plugin v27.5 - https:\/\/yoast.com\/product\/yoast-seo-wordpress\/ -->\n<title>TERMENII \u0218I CONDI\u021aIILE DE UTILIZARE - Maktub Tarot<\/title>\n<meta name=\"robots\" content=\"index, follow, max-snippet:-1, max-image-preview:large, max-video-preview:-1\" \/>\n<link rel=\"canonical\" href=\"https:\/\/www.maktubtarot.com\/en\/termenii-si-conditiile-de-utilizare\/\" \/>\n<meta property=\"og:locale\" content=\"en_US\" \/>\n<meta property=\"og:type\" content=\"article\" \/>\n<meta property=\"og:title\" content=\"TERMENII \u0218I CONDI\u021aIILE DE UTILIZARE - Maktub Tarot\" \/>\n<meta property=\"og:description\" content=\"Comunicarea \u00een mediul on-line reprezint\u0103 una dintre cele mai rapide modalit\u0103\u021bi de a p\u0103stra leg\u0103tura direct \u0219i rapid cu clien\u021bii \u0219i partenerii no\u0219tri. Unele dintre aspectele cele mai importante ale serviciilor pe care le oferim sunt protejarea datelor personale ale clien\u021bilor no\u0219tri \u0219i faptul c\u0103 ne angaj\u0103m cu fermitate s\u0103 ne \u00eendeplinim angajamentele cu cel ... Read More\" \/>\n<meta property=\"og:url\" content=\"https:\/\/www.maktubtarot.com\/en\/termenii-si-conditiile-de-utilizare\/\" \/>\n<meta property=\"og:site_name\" content=\"Maktub Tarot\" \/>\n<meta property=\"article:modified_time\" content=\"2022-06-15T12:35:29+00:00\" \/>\n<meta name=\"twitter:card\" content=\"summary_large_image\" \/>\n<meta name=\"twitter:label1\" content=\"Est. reading time\" \/>\n\t<meta name=\"twitter:data1\" content=\"9 minutes\" \/>\n<script type=\"application\/ld+json\" class=\"yoast-schema-graph\">{\"@context\":\"https:\\\/\\\/schema.org\",\"@graph\":[{\"@type\":\"WebPage\",\"@id\":\"https:\\\/\\\/www.maktubtarot.com\\\/termenii-si-conditiile-de-utilizare\\\/\",\"url\":\"https:\\\/\\\/www.maktubtarot.com\\\/termenii-si-conditiile-de-utilizare\\\/\",\"name\":\"TERMENII \u0218I CONDI\u021aIILE DE UTILIZARE - Maktub Tarot\",\"isPartOf\":{\"@id\":\"https:\\\/\\\/www.maktubtarot.com\\\/#website\"},\"datePublished\":\"2022-06-15T12:35:27+00:00\",\"dateModified\":\"2022-06-15T12:35:29+00:00\",\"breadcrumb\":{\"@id\":\"https:\\\/\\\/www.maktubtarot.com\\\/termenii-si-conditiile-de-utilizare\\\/#breadcrumb\"},\"inLanguage\":\"en-US\",\"potentialAction\":[{\"@type\":\"ReadAction\",\"target\":[\"https:\\\/\\\/www.maktubtarot.com\\\/termenii-si-conditiile-de-utilizare\\\/\"]}]},{\"@type\":\"BreadcrumbList\",\"@id\":\"https:\\\/\\\/www.maktubtarot.com\\\/termenii-si-conditiile-de-utilizare\\\/#breadcrumb\",\"itemListElement\":[{\"@type\":\"ListItem\",\"position\":1,\"name\":\"Home\",\"item\":\"https:\\\/\\\/www.maktubtarot.com\\\/\"},{\"@type\":\"ListItem\",\"position\":2,\"name\":\"TERMENII \u0218I CONDI\u021aIILE DE UTILIZARE\"}]},{\"@type\":\"WebSite\",\"@id\":\"https:\\\/\\\/www.maktubtarot.com\\\/#website\",\"url\":\"https:\\\/\\\/www.maktubtarot.com\\\/\",\"name\":\"Maktub Tarot\",\"description\":\"\",\"potentialAction\":[{\"@type\":\"SearchAction\",\"target\":{\"@type\":\"EntryPoint\",\"urlTemplate\":\"https:\\\/\\\/www.maktubtarot.com\\\/?s={search_term_string}\"},\"query-input\":{\"@type\":\"PropertyValueSpecification\",\"valueRequired\":true,\"valueName\":\"search_term_string\"}}],\"inLanguage\":\"en-US\"}]}<\/script>\n<!-- \/ Yoast SEO plugin. -->","yoast_head_json":{"title":"TERMENII \u0218I CONDI\u021aIILE DE UTILIZARE - Maktub Tarot","robots":{"index":"index","follow":"follow","max-snippet":"max-snippet:-1","max-image-preview":"max-image-preview:large","max-video-preview":"max-video-preview:-1"},"canonical":"https:\/\/www.maktubtarot.com\/en\/termenii-si-conditiile-de-utilizare\/","og_locale":"en_US","og_type":"article","og_title":"TERMENII \u0218I CONDI\u021aIILE DE UTILIZARE - Maktub Tarot","og_description":"Comunicarea \u00een mediul on-line reprezint\u0103 una dintre cele mai rapide modalit\u0103\u021bi de a p\u0103stra leg\u0103tura direct \u0219i rapid cu clien\u021bii \u0219i partenerii no\u0219tri. Unele dintre aspectele cele mai importante ale serviciilor pe care le oferim sunt protejarea datelor personale ale clien\u021bilor no\u0219tri \u0219i faptul c\u0103 ne angaj\u0103m cu fermitate s\u0103 ne \u00eendeplinim angajamentele cu cel ... Read More","og_url":"https:\/\/www.maktubtarot.com\/en\/termenii-si-conditiile-de-utilizare\/","og_site_name":"Maktub Tarot","article_modified_time":"2022-06-15T12:35:29+00:00","twitter_card":"summary_large_image","twitter_misc":{"Est. reading time":"9 minutes"},"schema":{"@context":"https:\/\/schema.org","@graph":[{"@type":"WebPage","@id":"https:\/\/www.maktubtarot.com\/termenii-si-conditiile-de-utilizare\/","url":"https:\/\/www.maktubtarot.com\/termenii-si-conditiile-de-utilizare\/","name":"TERMENII \u0218I CONDI\u021aIILE DE UTILIZARE - Maktub Tarot","isPartOf":{"@id":"https:\/\/www.maktubtarot.com\/#website"},"datePublished":"2022-06-15T12:35:27+00:00","dateModified":"2022-06-15T12:35:29+00:00","breadcrumb":{"@id":"https:\/\/www.maktubtarot.com\/termenii-si-conditiile-de-utilizare\/#breadcrumb"},"inLanguage":"en-US","potentialAction":[{"@type":"ReadAction","target":["https:\/\/www.maktubtarot.com\/termenii-si-conditiile-de-utilizare\/"]}]},{"@type":"BreadcrumbList","@id":"https:\/\/www.maktubtarot.com\/termenii-si-conditiile-de-utilizare\/#breadcrumb","itemListElement":[{"@type":"ListItem","position":1,"name":"Home","item":"https:\/\/www.maktubtarot.com\/"},{"@type":"ListItem","position":2,"name":"TERMENII \u0218I CONDI\u021aIILE DE UTILIZARE"}]},{"@type":"WebSite","@id":"https:\/\/www.maktubtarot.com\/#website","url":"https:\/\/www.maktubtarot.com\/","name":"Maktub Tarot","description":"","potentialAction":[{"@type":"SearchAction","target":{"@type":"EntryPoint","urlTemplate":"https:\/\/www.maktubtarot.com\/?s={search_term_string}"},"query-input":{"@type":"PropertyValueSpecification","valueRequired":true,"valueName":"search_term_string"}}],"inLanguage":"en-US"}]}},"_links":{"self":[{"href":"https:\/\/www.maktubtarot.com\/en\/wp-json\/wp\/v2\/pages\/5278","targetHints":{"allow":["GET"]}}],"collection":[{"href":"https:\/\/www.maktubtarot.com\/en\/wp-json\/wp\/v2\/pages"}],"about":[{"href":"https:\/\/www.maktubtarot.com\/en\/wp-json\/wp\/v2\/types\/page"}],"author":[{"embeddable":true,"href":"https:\/\/www.maktubtarot.com\/en\/wp-json\/wp\/v2\/users\/1"}],"replies":[{"embeddable":true,"href":"https:\/\/www.maktubtarot.com\/en\/wp-json\/wp\/v2\/comments?post=5278"}],"version-history":[{"count":1,"href":"https:\/\/www.maktubtarot.com\/en\/wp-json\/wp\/v2\/pages\/5278\/revisions"}],"predecessor-version":[{"id":5279,"href":"https:\/\/www.maktubtarot.com\/en\/wp-json\/wp\/v2\/pages\/5278\/revisions\/5279"}],"wp:attachment":[{"href":"https:\/\/www.maktubtarot.com\/en\/wp-json\/wp\/v2\/media?parent=5278"}],"curies":[{"name":"wp","href":"https:\/\/api.w.org\/{rel}","templated":true}]}}