{"id":5274,"date":"2022-06-15T12:32:56","date_gmt":"2022-06-15T12:32:56","guid":{"rendered":"https:\/\/www.maktubtarot.com\/?page_id=5274"},"modified":"2022-06-15T12:33:54","modified_gmt":"2022-06-15T12:33:54","slug":"politica-de-confidentialitate","status":"publish","type":"page","link":"https:\/\/www.maktubtarot.com\/en\/politica-de-confidentialitate\/","title":{"rendered":"POLITIC\u0102 DE CONFIDEN\u021aIALITATE"},"content":{"rendered":"<div class=\"gb-container gb-container-d41b9bad\"><div class=\"gb-inside-container\">\n\n<p>Comunicarea \u00een mediul on-line reprezint\u0103 una dintre cele mai rapide modalit\u0103\u021bi de a p\u0103stra leg\u0103tura direct \u0219i rapid cu clien\u021bii \u0219i partenerii no\u0219tri. Unele dintre aspectele cele mai importante ale serviciilor pe care le oferim sunt protejarea datelor personale ale clien\u021bilor no\u0219tri \u0219i faptul c\u0103 ne angaj\u0103m cu fermitate s\u0103 ne \u00eendeplinim angajamentele cu cel mai \u00eenalt grad de profesionalism.<\/p>\n\n\n\n<p>\u00cencep\u00e2nd cu data de&nbsp;<strong>25 mai 2018<\/strong>&nbsp;<em>SC WORLD AGACHI MENTOR SRL<\/em>&nbsp;(denumit\u0103 \u00een continuare&nbsp;<strong>WAM<\/strong>) \u00eenregistrat\u0103 la Oficiul Registrului Comer\u021bului cu nr.<em>&nbsp;J35\/353\/2018, CUI 38800485<\/em>, va adopta regulamentul UE 2016\/679. Cunoscut\u0103 ca \u0219i GDPR (General Data Protection Regulation) sau Regulamentul general privind protec\u021bia datelor personale, aceast\u0103 m\u0103sur\u0103 va intra \u00een vigoare \u00een toate statele membre ale Uniunii Europene.<\/p>\n\n\n\n<p>V\u0103 asigur\u0103m c\u0103 WAM va continua s\u0103 prelucreze datele furnizate de clien\u021bii s\u0103i doar \u00een scopuri bine definite, precum livrarea de informa\u021bii despre noile servicii disponibile, transmiterea de oferte personalizate \u0219i pentru p\u0103strarea unei rela\u021bii c\u00e2t mai bune cu clien\u021bii s\u0103i.<\/p>\n\n\n\n<p><strong>Foarte important de re\u021binut!&nbsp;<\/strong>Informa\u021biile cu caracter personal colectate de WAM&nbsp;<strong>NU SUNT TRANSMISE<\/strong>&nbsp;c\u0103tre o ter\u021b\u0103 persoan\u0103. Acestea vor fi folosite strict \u00een scopurile enumerate la paragraful anterior.<\/p>\n\n\n\n<p><strong>Care sunt datele cu caracter personal colectate de WAM?<\/strong><\/p>\n\n\n\n<p>Datele personale sunt acele informa\u021bii prin care un client poate fi identificat \u00een mod direct sau indirect. WAM ob\u021bine aceste date astfel:<\/p>\n\n\n\n<p><strong>Direct de la client<\/strong><\/p>\n\n\n\n<p>WAM colecteaz\u0103 date personale direct de la client, \u00een momentul \u00een care acesta solicit\u0103 informa\u021bii despre sau se \u00eenscrie la unul dintre evenimentele organizate \u00een \u021bar\u0103 sau \u00een str\u0103in\u0103tate, prin telefon sau prin formularul de contact\/ \u00eenscriere afi\u0219at pe www.maktubtarot.com, www.suadaagachi.com, www.suada.ro, cursuri.suada.ro, www.secretulnumerelor.ro, www.eduardagachi.com \u0219i care presupune furnizarea unor date precum:<\/p>\n\n\n\n<p>\u2013 nume, prenume, data na\u0219terii;<\/p>\n\n\n\n<p>\u2013 adresa de e-mail;<\/p>\n\n\n\n<p>\u2013 num\u0103r de telefon;<\/p>\n\n\n\n<p>\u2013 adresa de domiciliu \u2013 pentru livrarea produselor comandate.<\/p>\n\n\n\n<p>Refuzul dumneavoastr\u0103 de a furniza aceste date determin\u0103 imposibilitatea operatorilor WAM de a v\u0103 oferi informa\u021biile pe care le solicita\u021bi sau de a v\u0103 transmite detalii privind data, loca\u021bia, condi\u021bii de participare \u0219i alte informa\u021bii organizatorice, precum \u0219i pentru a v\u0103 fi furnizate materialele de studiu aferente sau s\u0103 v\u0103 livr\u0103m produsele comandate.<\/p>\n\n\n\n<p>WAM poate solicita \u0219i alte date personale, de exemplu, datele din documentul de identitate \u00een vederea emiterii facturii fiscale, \u00een urma achizi\u021bion\u0103rii unui serviciu.<\/p>\n\n\n\n<p><strong>Automat<\/strong><\/p>\n\n\n\n<p>Acest tip de informa\u021bii sunt strict limitate la istoria activit\u0103\u021bii unui utilizator pe unul din site-urile www.maktubtarot.com, www.suadaagachi.com, www.suada.ro, cursuri.suada.ro, <a href=\"http:\/\/www.secretulnumerelor.ro\">www.secretulnumerelor.ro<\/a>, <a href=\"http:\/\/www.eduardagachi.com\">www.eduardagachi.com<\/a> \u0219i&nbsp;<strong>NU<\/strong>&nbsp;include nici o informa\u021bie cu caracter personal. Este vorba despre informa\u021biile de tip&nbsp;<em>cookie<\/em>&nbsp;(vezi mai jos ce \u00eenseamn\u0103&nbsp;<em>cookie<\/em>&nbsp;\u0219i cum sunt folosite), care pot fi con\u021binute de unele dintre paginile site-urilor \u0219i folosite doar \u00een scopul \u00eembun\u0103t\u0103\u021birii experien\u021bei pe site. De exemplu, dac\u0103 e\u0219ti deja abonat la newsletter, nu vei mai primi un nou mesaj de abonare c\u00e2t timp navighezi pe paginile care te intereseaz\u0103.<\/p>\n\n\n\n<p><strong>De ce prelucr\u0103m acest tip de date?<\/strong><\/p>\n\n\n\n<p>WAM prelucreaz\u0103 datele personale ale clien\u021bilor doar \u00een vederea \u00eembun\u0103t\u0103\u021birii rela\u021biei cu ace\u0219tia \u0219i pentru a se asigura c\u0103 ofer\u0103 servicii personalizate \u0219i \u00een conformitate cu necesit\u0103\u021bile \u0219i dorin\u021bele clien\u021bilor. Datele personale sunt folosite strict pentru activit\u0103\u021bi de informare, promovare \u0219i marketing ale WAM \u0219i nu sunt \u00eenstr\u0103inate c\u0103tre o ter\u021b\u0103 persoan\u0103.<\/p>\n\n\n\n<p>Dac\u0103 sunte\u021bi de acord cu acestea, operatorii WAM v\u0103 vor oferi informa\u021bii cu privire la:<\/p>\n\n\n\n<p>\u2013 produsele, evenimentele \u0219i serviciile oferite de WAM;<\/p>\n\n\n\n<p>\u2013 oferte personalizate \u00een urma verific\u0103rii eligibilit\u0103\u021bii dumneavoastr\u0103 \u0219i a faptului c\u0103 \u00eendeplini\u021bi condi\u021biile pentru a beneficia de oferte speciale;<\/p>\n\n\n\n<p>\u2013 op\u021biunile dumneavoastr\u0103 de a beneficia de produse \u0219i servicii adresate doar anumitor clien\u021bi (pentru clien\u021bii care au participat la evenimente organizate de WAM sau au apelat serviciile oferite);<\/p>\n\n\n\n<p>Prin aceast\u0103 activitate, WAM \u00ee\u0219i dore\u0219te totodat\u0103 s\u0103 optimizeze rela\u021biile cu clien\u021bii \u00een scopul de a oferi acestora experien\u021be deosebite, bazate pe profesionalism \u0219i \u00eencredere reciproc\u0103.<\/p>\n\n\n\n<p><strong>Drepturile clien\u021bilor cu privire la prelucrarea datelor personale:<\/strong><\/p>\n\n\n\n<p>Clientul are drepturi specifice \u00een ceea ce prive\u0219te protec\u021bia datelor, iar WAM asigur\u0103 un mediu care faciliteaz\u0103 exercitarea acestora (dreptul de acces, de rectificare, de obiec\u021bie, de \u0219tergere, de primire a datelor personale sau de depunere a unei reclama\u021bii).<\/p>\n\n\n\n<p>WAM a luat m\u0103surile de precau\u021bie necesare pentru a asigura clientul c\u0103 drepturile sale de protec\u021bie a datelor sunt respectate corespunz\u0103tor.<\/p>\n\n\n\n<p>Clientul are dreptul:<\/p>\n\n\n\n<p>\u2013 s\u0103 acceseze datele sale personale, s\u0103 le modifice, restric\u021bioneze, s\u0103 \u00ee\u0219i retrag\u0103 acordul sau s\u0103 se opun\u0103 prelucr\u0103rii acestora sau s\u0103 solicite \u0219tergerea acestora;<\/p>\n\n\n\n<p>\u2013 s\u0103 acceseze datele sale personale sau s\u0103 solicite WAM transmiterea lor c\u0103tre o alt\u0103 entitate;<\/p>\n\n\n\n<p>\u2013 s\u0103 dezactiveze anumite tipuri de colectare sau utilizare a datelor sale, inclusiv utilizarea anumitor cookie-uri \u0219i a unor tehnologii similare;<\/p>\n\n\n\n<p>\u2013 s\u0103 depun\u0103 o reclama\u021bie la autoritatea de supraveghere competent\u0103 \u2013 \u00een Rom\u00e2nia aceasta este Autoritatea Na\u021bional\u0103 de Supraveghere a Prelucr\u0103rilor de Date cu Caracter Personal (ANSPDCP);<\/p>\n\n\n\n<p>\u2013 s\u0103 solicite WAM s\u0103 corecteze orice inexactit\u0103\u021bi din datele sale personale folosind datele de contact disponibile&nbsp;<a href=\"http:\/\/maktubtarot.com\/contact\/\">aici<\/a>.<\/p>\n\n\n\n<p><strong>Cum sunt stocate aceste informa\u021bii?<\/strong><\/p>\n\n\n\n<p>Pentru a garanta siguran\u021ba datelor personale, WAM a implementat o serie de m\u0103suri de securitate care sunt \u00een conformitate cu standardele industriei. Acestea sunt stocate pe servere \u0219i unit\u0103\u021bi optice de stocare administrate \u0219i operate doar prin grija administratorilor WAM.<\/p>\n\n\n\n<p><strong>Ce sunt cookie-urile \u0219i cum le folosim?<\/strong><\/p>\n\n\n\n<p>Cookie: pentru \u00eembun\u0103t\u0103\u021birea experien\u021bei vizitatorilor pe site-urile&nbsp;www.maktubtarot.com, www.suadaagachi.com, www.suada.ro, cursuri.suada.ro, www.secretulnumerelor.ro si www.eduardagachi.com, WAM poate folosi tehnologiile standard denumite \u201ecookies\u201d pentru a colecta informa\u021bii despre modul de folosire a site-urilor men\u021bionate.<\/p>\n\n\n\n<p>Un cookie este un mic fi\u0219ier text, care este stocat pe calculatorul vizitatorului, dac\u0103 browserul (Firefox, InternetExplorer, Chrome sau Opera, etc.) perimite aceste lucru \u015fi poate fi trimis c\u0103tre baza de date a site-ului vizitat, pentru identificarea utilizatorului.<\/p>\n\n\n\n<p>Un cookie nu poate fi citit de un alt site care nu a creat acel cookie. Un cookie nu se comport\u0103 ca un virus sau ca alte programe de capturare a Informa\u021biilor de Identificare Persoanal\u0103 aflate pe calculatorul utilizatorului.<\/p>\n\n\n\n<p><strong>Mai multe despre reglementarea privind protec\u021bia datelor personale<\/strong><\/p>\n\n\n\n<p>Pentru orice \u00eentrebare referitoare la datele personale sau pentru exercitarea drepturilor legale, clientul se poate adresa operatorilor WAM prin utilizarea adresei de contact: contact@maktubtarot.com.<\/p>\n\n\n\n<p>Mai mult, clientului \u00eei sunt puse la dispozi\u021bie, pe&nbsp;www.maktubtarot.com, formulare pentru exprimarea nel\u0103muririlor sau \u00eentreb\u0103rilor sale.<\/p>\n\n<\/div><\/div>","protected":false},"excerpt":{"rendered":"<p>Comunicarea \u00een mediul on-line reprezint\u0103 una dintre cele mai rapide modalit\u0103\u021bi de a p\u0103stra leg\u0103tura direct \u0219i rapid cu clien\u021bii \u0219i partenerii no\u0219tri. Unele dintre aspectele cele mai importante ale serviciilor pe care le oferim sunt protejarea datelor personale ale clien\u021bilor no\u0219tri \u0219i faptul c\u0103 ne angaj\u0103m cu fermitate s\u0103 ne \u00eendeplinim angajamentele cu cel &#8230; <a title=\"POLITIC\u0102 DE CONFIDEN\u021aIALITATE\" class=\"read-more\" href=\"https:\/\/www.maktubtarot.com\/en\/politica-de-confidentialitate\/\" aria-label=\"More on POLITIC\u0102 DE CONFIDEN\u021aIALITATE\">Read More<\/a><\/p>\n","protected":false},"author":1,"featured_media":0,"parent":0,"menu_order":0,"comment_status":"closed","ping_status":"closed","template":"","meta":{"footnotes":""},"class_list":["post-5274","page","type-page","status-publish"],"yoast_head":"<!-- This site is optimized with the Yoast SEO plugin v27.5 - https:\/\/yoast.com\/product\/yoast-seo-wordpress\/ -->\n<title>POLITIC\u0102 DE CONFIDEN\u021aIALITATE - Maktub Tarot<\/title>\n<meta name=\"robots\" content=\"index, follow, max-snippet:-1, max-image-preview:large, max-video-preview:-1\" \/>\n<link rel=\"canonical\" href=\"https:\/\/www.maktubtarot.com\/en\/politica-de-confidentialitate\/\" \/>\n<meta property=\"og:locale\" content=\"en_US\" \/>\n<meta property=\"og:type\" content=\"article\" \/>\n<meta property=\"og:title\" content=\"POLITIC\u0102 DE CONFIDEN\u021aIALITATE - Maktub Tarot\" \/>\n<meta property=\"og:description\" content=\"Comunicarea \u00een mediul on-line reprezint\u0103 una dintre cele mai rapide modalit\u0103\u021bi de a p\u0103stra leg\u0103tura direct \u0219i rapid cu clien\u021bii \u0219i partenerii no\u0219tri. Unele dintre aspectele cele mai importante ale serviciilor pe care le oferim sunt protejarea datelor personale ale clien\u021bilor no\u0219tri \u0219i faptul c\u0103 ne angaj\u0103m cu fermitate s\u0103 ne \u00eendeplinim angajamentele cu cel ... Read More\" \/>\n<meta property=\"og:url\" content=\"https:\/\/www.maktubtarot.com\/en\/politica-de-confidentialitate\/\" \/>\n<meta property=\"og:site_name\" content=\"Maktub Tarot\" \/>\n<meta property=\"article:modified_time\" content=\"2022-06-15T12:33:54+00:00\" \/>\n<meta name=\"twitter:card\" content=\"summary_large_image\" \/>\n<meta name=\"twitter:label1\" content=\"Est. reading time\" \/>\n\t<meta name=\"twitter:data1\" content=\"5 minutes\" \/>\n<script type=\"application\/ld+json\" class=\"yoast-schema-graph\">{\"@context\":\"https:\\\/\\\/schema.org\",\"@graph\":[{\"@type\":\"WebPage\",\"@id\":\"https:\\\/\\\/www.maktubtarot.com\\\/politica-de-confidentialitate\\\/\",\"url\":\"https:\\\/\\\/www.maktubtarot.com\\\/politica-de-confidentialitate\\\/\",\"name\":\"POLITIC\u0102 DE CONFIDEN\u021aIALITATE - Maktub Tarot\",\"isPartOf\":{\"@id\":\"https:\\\/\\\/www.maktubtarot.com\\\/#website\"},\"datePublished\":\"2022-06-15T12:32:56+00:00\",\"dateModified\":\"2022-06-15T12:33:54+00:00\",\"breadcrumb\":{\"@id\":\"https:\\\/\\\/www.maktubtarot.com\\\/politica-de-confidentialitate\\\/#breadcrumb\"},\"inLanguage\":\"en-US\",\"potentialAction\":[{\"@type\":\"ReadAction\",\"target\":[\"https:\\\/\\\/www.maktubtarot.com\\\/politica-de-confidentialitate\\\/\"]}]},{\"@type\":\"BreadcrumbList\",\"@id\":\"https:\\\/\\\/www.maktubtarot.com\\\/politica-de-confidentialitate\\\/#breadcrumb\",\"itemListElement\":[{\"@type\":\"ListItem\",\"position\":1,\"name\":\"Home\",\"item\":\"https:\\\/\\\/www.maktubtarot.com\\\/\"},{\"@type\":\"ListItem\",\"position\":2,\"name\":\"POLITIC\u0102 DE CONFIDEN\u021aIALITATE\"}]},{\"@type\":\"WebSite\",\"@id\":\"https:\\\/\\\/www.maktubtarot.com\\\/#website\",\"url\":\"https:\\\/\\\/www.maktubtarot.com\\\/\",\"name\":\"Maktub Tarot\",\"description\":\"\",\"potentialAction\":[{\"@type\":\"SearchAction\",\"target\":{\"@type\":\"EntryPoint\",\"urlTemplate\":\"https:\\\/\\\/www.maktubtarot.com\\\/?s={search_term_string}\"},\"query-input\":{\"@type\":\"PropertyValueSpecification\",\"valueRequired\":true,\"valueName\":\"search_term_string\"}}],\"inLanguage\":\"en-US\"}]}<\/script>\n<!-- \/ Yoast SEO plugin. -->","yoast_head_json":{"title":"POLITIC\u0102 DE CONFIDEN\u021aIALITATE - Maktub Tarot","robots":{"index":"index","follow":"follow","max-snippet":"max-snippet:-1","max-image-preview":"max-image-preview:large","max-video-preview":"max-video-preview:-1"},"canonical":"https:\/\/www.maktubtarot.com\/en\/politica-de-confidentialitate\/","og_locale":"en_US","og_type":"article","og_title":"POLITIC\u0102 DE CONFIDEN\u021aIALITATE - Maktub Tarot","og_description":"Comunicarea \u00een mediul on-line reprezint\u0103 una dintre cele mai rapide modalit\u0103\u021bi de a p\u0103stra leg\u0103tura direct \u0219i rapid cu clien\u021bii \u0219i partenerii no\u0219tri. Unele dintre aspectele cele mai importante ale serviciilor pe care le oferim sunt protejarea datelor personale ale clien\u021bilor no\u0219tri \u0219i faptul c\u0103 ne angaj\u0103m cu fermitate s\u0103 ne \u00eendeplinim angajamentele cu cel ... Read More","og_url":"https:\/\/www.maktubtarot.com\/en\/politica-de-confidentialitate\/","og_site_name":"Maktub Tarot","article_modified_time":"2022-06-15T12:33:54+00:00","twitter_card":"summary_large_image","twitter_misc":{"Est. reading time":"5 minutes"},"schema":{"@context":"https:\/\/schema.org","@graph":[{"@type":"WebPage","@id":"https:\/\/www.maktubtarot.com\/politica-de-confidentialitate\/","url":"https:\/\/www.maktubtarot.com\/politica-de-confidentialitate\/","name":"POLITIC\u0102 DE CONFIDEN\u021aIALITATE - Maktub Tarot","isPartOf":{"@id":"https:\/\/www.maktubtarot.com\/#website"},"datePublished":"2022-06-15T12:32:56+00:00","dateModified":"2022-06-15T12:33:54+00:00","breadcrumb":{"@id":"https:\/\/www.maktubtarot.com\/politica-de-confidentialitate\/#breadcrumb"},"inLanguage":"en-US","potentialAction":[{"@type":"ReadAction","target":["https:\/\/www.maktubtarot.com\/politica-de-confidentialitate\/"]}]},{"@type":"BreadcrumbList","@id":"https:\/\/www.maktubtarot.com\/politica-de-confidentialitate\/#breadcrumb","itemListElement":[{"@type":"ListItem","position":1,"name":"Home","item":"https:\/\/www.maktubtarot.com\/"},{"@type":"ListItem","position":2,"name":"POLITIC\u0102 DE CONFIDEN\u021aIALITATE"}]},{"@type":"WebSite","@id":"https:\/\/www.maktubtarot.com\/#website","url":"https:\/\/www.maktubtarot.com\/","name":"Maktub Tarot","description":"","potentialAction":[{"@type":"SearchAction","target":{"@type":"EntryPoint","urlTemplate":"https:\/\/www.maktubtarot.com\/?s={search_term_string}"},"query-input":{"@type":"PropertyValueSpecification","valueRequired":true,"valueName":"search_term_string"}}],"inLanguage":"en-US"}]}},"_links":{"self":[{"href":"https:\/\/www.maktubtarot.com\/en\/wp-json\/wp\/v2\/pages\/5274","targetHints":{"allow":["GET"]}}],"collection":[{"href":"https:\/\/www.maktubtarot.com\/en\/wp-json\/wp\/v2\/pages"}],"about":[{"href":"https:\/\/www.maktubtarot.com\/en\/wp-json\/wp\/v2\/types\/page"}],"author":[{"embeddable":true,"href":"https:\/\/www.maktubtarot.com\/en\/wp-json\/wp\/v2\/users\/1"}],"replies":[{"embeddable":true,"href":"https:\/\/www.maktubtarot.com\/en\/wp-json\/wp\/v2\/comments?post=5274"}],"version-history":[{"count":2,"href":"https:\/\/www.maktubtarot.com\/en\/wp-json\/wp\/v2\/pages\/5274\/revisions"}],"predecessor-version":[{"id":5277,"href":"https:\/\/www.maktubtarot.com\/en\/wp-json\/wp\/v2\/pages\/5274\/revisions\/5277"}],"wp:attachment":[{"href":"https:\/\/www.maktubtarot.com\/en\/wp-json\/wp\/v2\/media?parent=5274"}],"curies":[{"name":"wp","href":"https:\/\/api.w.org\/{rel}","templated":true}]}}