{"id":5401,"date":"2022-08-24T08:24:36","date_gmt":"2022-08-24T08:24:36","guid":{"rendered":"https:\/\/www.maktubtarot.com\/?post_type=product&#038;p=5401"},"modified":"2024-03-12T16:21:51","modified_gmt":"2024-03-12T14:21:51","slug":"tehnici-de-citire-a-chipului-suada-agachi","status":"publish","type":"product","link":"http:\/\/www.maktubtarot.com\/ro\/produs\/tehnici-de-citire-a-chipului-suada-agachi\/","title":{"rendered":"Tehnici de citire a chipului \u2013 Suada Agachi"},"content":{"rendered":"<p>Arta citirii chipului dateaz\u0103 de milenii, a fost p\u0103strat\u0103 \u0219i transmis\u0103 cu demnitate \u0219i onoare de mae\u0219trii \u00een fizionomie pentru a fi folosit\u0103 cu \u00een\u021belepciune de c\u0103tre cei dornici s\u0103 cunoasc\u0103 natura uman\u0103.<\/p>\n<p>Chipul uman este \u00een egal\u0103 m\u0103sur\u0103 oglinda reac\u0163iilor \u015fi a tipului de rela\u0163ii pe care omul este dispus s\u0103 le experimenteze de-a lungul vie\u0163ii sale<\/p>\n<p>Beneficiind de avansul stiin\u021bei moderne \u0219i de acurate\u021bea din ce \u00een ce mai fin\u0103 a identific\u0103rii \u0219i interpret\u0103rii tr\u0103s\u0103turilor faciale specifice fiec\u0103rei persoane, arta citirii chipului indic\u0103 tr\u0103s\u0103turile specifice de caracter ale individului, modul \u00een care evenimentele din timpul vie\u021bii i-au \u0219lefuit personalitatea \u0219i deciziile pe care acesta este predispus s\u0103 le ia \u00een viitor.<\/p>\n<p>Chipul este un instrument deosebit de precis \u0219i de eficient \u00een comunicare. Zilnic privim \u0219i citim zeci sau sute de chipuri, identific\u0103m \u0219i comunic\u0103m cu cei din jurul nostru dup\u0103 o serie de reguli bine \u00eentip\u0103rite \u00een noi. Deciziile pe care le lu\u0103m sunt influen\u021bate de mesajul ascuns ce ne-a fost transmis prin expresia chipului, prin mimic\u0103 \u0219i prin forma tr\u0103s\u0103turilor faciale ale celui de l\u00e2ng\u0103 noi.<\/p>\n<p>Principiile fundamentale ale acestei arte au r\u0103mas neschimbate timp de milenii astfel c\u0103 \u015fi ast\u0103zi, la fel ca \u00een vechime, studiul aprofundat al fizionomiei ne ofer\u0103 indicii de neclintit cu privire la realitatea \u00eenconjur\u0103toare \u015fi identific\u0103 cu exactitate rolul pe care \u00eel are de \u00eendeplinit \u015fi pozi\u0163ia corect\u0103 a omului \u00een marea oper\u0103 a crea\u0163iei \u015fi \u00een particular evolu\u0163ia acestuia pe verticala dintre cer \u015fi p\u0103m\u00e2nt.<\/p>\n<p>Cuvintele pot fi nesincere, gesturile pot fi \u00een\u0219el\u0103toare, \u00eens\u0103 fa\u021ba niciodat\u0103 nu minte!<\/p>\n<p>Din acest moment, vei privi la tine \u0219i lumea \u00eentreag\u0103 cu al\u021bi ochi!<\/p>\n<h3 style=\"text-align: center\"><strong>PREVIZIUALIZARE CARTE<\/strong><\/h3>\n<div class=\"_3d-flip-book  fb3d-fullscreen-mode full-size\" data-id=\"5408\" data-mode=\"fullscreen\" data-title=\"false\" data-template=\"short-white-book-view\" data-lightbox=\"dark-shadow\" data-urlparam=\"fb3d-page\" data-page-n=\"0\" data-pdf=\"\" data-tax=\"null\" data-thumbnail=\"\" data-cols=\"3\" data-book-template=\"default\" data-trigger=\"\"><\/div><script type=\"text\/javascript\">window.FB3D_CLIENT_DATA = window.FB3D_CLIENT_DATA || [];FB3D_CLIENT_DATA.push('eyJwb3N0cyI6eyI1NDA4Ijp7IklEIjo1NDA4LCJ0aXRsZSI6IlRlaG5pY2kgZGUgQ2l0aXJlIGEgQ2hpcHVsdWkgXHUyMDEzIFN1YWRhIEFnYWNoaSIsInR5cGUiOiJwZGYiLCJyZWFkeV9mdW5jdGlvbiI6IiIsImJvb2tfc3R5bGUiOiJmbGF0IiwiYm9va190ZW1wbGF0ZSI6Im5vbmUiLCJvdXRsaW5lIjpbXSwiZGF0YSI6eyJwb3N0X0lEIjoiNTQwOSIsImd1aWQiOiJodHRwczpcL1wvd3d3Lm1ha3R1YnRhcm90LmNvbVwvd3AtY29udGVudFwvdXBsb2Fkc1wvMjAyMlwvMDZcL1RlaG5pY2ktZGUtQ2l0aXJlLWEtQ2hpcHVsdWktU3VhZGEtQWdhY2hpLTEucGRmIiwicGRmX3BhZ2VzIjoiMTUiLCJwYWdlc19jdXN0b21pemF0aW9uIjoibm9uZSJ9LCJ0aHVtYm5haWwiOnsiZGF0YSI6eyJwb3N0X0lEIjoiMCJ9LCJ0eXBlIjoiYXV0byJ9LCJwcm9wcyI6eyJjYWNoZWRQYWdlcyI6ImF1dG8iLCJyZW5kZXJJbmFjdGl2ZVBhZ2VzIjoiYXV0byIsInJlbmRlckluYWN0aXZlUGFnZXNPbk1vYmlsZSI6ImF1dG8iLCJyZW5kZXJXaGlsZUZsaXBwaW5nIjoiYXV0byIsInByZWxvYWRQYWdlcyI6ImF1dG8iLCJydGwiOiJhdXRvIiwiaW50ZXJhY3RpdmVDb3JuZXJzIjoiYXV0byIsInNoZWV0Ijp7InN0YXJ0VmVsb2NpdHkiOiJhdXRvIiwid2F2ZSI6ImF1dG8iLCJzaGFwZSI6ImF1dG8iLCJ3aWR0aFRleGVscyI6ImF1dG8iLCJjb2xvciI6ImF1dG8iLCJzaWRlIjoiYXV0byIsImNvcm5lckRldmlhdGlvbiI6ImF1dG8iLCJmbGV4aWJpbGl0eSI6ImF1dG8iLCJmbGV4aWJsZUNvcm5lciI6ImF1dG8iLCJiZW5kaW5nIjoiYXV0byIsImhlaWdodFRleGVscyI6ImF1dG8ifSwiY292ZXIiOnsid2F2ZSI6ImF1dG8iLCJjb2xvciI6ImF1dG8iLCJiaW5kZXJUZXh0dXJlIjoiYXV0byIsImRlcHRoIjoiYXV0byIsInBhZGRpbmciOiJhdXRvIiwic3RhcnRWZWxvY2l0eSI6ImF1dG8iLCJmbGV4aWJpbGl0eSI6ImF1dG8iLCJmbGV4aWJsZUNvcm5lciI6ImF1dG8iLCJiZW5kaW5nIjoiYXV0byIsIndpZHRoVGV4ZWxzIjoiYXV0byIsImhlaWdodFRleGVscyI6ImF1dG8iLCJtYXNzIjoiYXV0byIsInNpZGUiOiJhdXRvIiwic2hhcGUiOiJhdXRvIn0sInBhZ2UiOnsid2F2ZSI6ImF1dG8iLCJjb2xvciI6ImF1dG8iLCJkZXB0aCI6ImF1dG8iLCJzdGFydFZlbG9jaXR5IjoiYXV0byIsImZsZXhpYmlsaXR5IjoiYXV0byIsImZsZXhpYmxlQ29ybmVyIjoiYXV0byIsImJlbmRpbmciOiJhdXRvIiwid2lkdGhUZXhlbHMiOiJhdXRvIiwiaGVpZ2h0VGV4ZWxzIjoiYXV0byIsIm1hc3MiOiJhdXRvIiwic2lkZSI6ImF1dG8iLCJzaGFwZSI6ImF1dG8ifSwiaGVpZ2h0IjoiYXV0byIsIndpZHRoIjoiYXV0byIsImdyYXZpdHkiOiJhdXRvIiwicGFnZXNGb3JQcmVkaWN0aW5nIjoiYXV0byJ9LCJjb250cm9sUHJvcHMiOnsiYWN0aW9ucyI6eyJjbWRTYXZlIjp7ImVuYWJsZWQiOiJhdXRvIiwiZW5hYmxlZEluTmFycm93IjoiYXV0byJ9LCJjbWRQcmludCI6eyJlbmFibGVkIjoiYXV0byIsImVuYWJsZWRJbk5hcnJvdyI6ImF1dG8ifSwiY21kU2luZ2xlUGFnZSI6eyJlbmFibGVkIjoiYXV0byIsImVuYWJsZWRJbk5hcnJvdyI6ImF1dG8iLCJhY3RpdmUiOiJhdXRvIiwiYWN0aXZlRm9yTW9iaWxlIjoiYXV0byJ9fX0sImF1dG9UaHVtYm5haWwiOiJodHRwczpcL1wvd3d3Lm1ha3R1YnRhcm90LmNvbVwvd3AtY29udGVudFwvdXBsb2Fkc1wvM2QtZmxpcC1ib29rXC9hdXRvLXRodW1ibmFpbHNcLzU0MDgucG5nIiwicG9zdF9uYW1lIjoiNTQwOCIsInBvc3RfdHlwZSI6IjNkLWZsaXAtYm9vayJ9fSwicGFnZXMiOltdLCJmaXJzdFBhZ2VzIjpbXX0=');window.FB3D_CLIENT_LOCALE && FB3D_CLIENT_LOCALE.render && FB3D_CLIENT_LOCALE.render();<\/script>","protected":false},"excerpt":{"rendered":"<p>Arta citirii chipului dateaz\u0103 de milenii, a fost p\u0103strat\u0103 \u0219i transmis\u0103 cu demnitate \u0219i onoare de mae\u0219trii \u00een fizionomie pentru a fi folosit\u0103 cu \u00een\u021belepciune de c\u0103tre cei dornici s\u0103 cunoasc\u0103 natura uman\u0103. Chipul uman este \u00een egal\u0103 m\u0103sur\u0103 oglinda reac\u0163iilor \u015fi a tipului de rela\u0163ii pe care omul este dispus s\u0103 le experimenteze de-a &#8230; <a title=\"Tehnici de citire a chipului \u2013 Suada Agachi\" class=\"read-more\" href=\"http:\/\/www.maktubtarot.com\/ro\/produs\/tehnici-de-citire-a-chipului-suada-agachi\/\" aria-label=\"More on Tehnici de citire a chipului \u2013 Suada Agachi\">Read More<\/a><\/p>","protected":false},"featured_media":4899,"comment_status":"open","ping_status":"closed","template":"","meta":[],"product_cat":[28],"product_tag":[],"class_list":["post-5401","product","type-product","status-publish","has-post-thumbnail","hentry","product_cat-face-reading","sales-flash-overlay","woocommerce-text-align-center","woocommerce-image-align-center","do-quantity-buttons"],"yoast_head":"<!-- This site is optimized with the Yoast SEO plugin v27.4 - https:\/\/yoast.com\/product\/yoast-seo-wordpress\/ -->\n<title>Tehnici de citire a chipului \u2013 Suada Agachi - Maktub Tarot<\/title>\n<meta name=\"robots\" content=\"index, follow, max-snippet:-1, max-image-preview:large, max-video-preview:-1\" \/>\n<link rel=\"canonical\" href=\"https:\/\/www.maktubtarot.com\/ro\/produs\/tehnici-de-citire-a-chipului-suada-agachi\/\" \/>\n<meta property=\"og:locale\" content=\"ro_RO\" \/>\n<meta property=\"og:type\" content=\"article\" \/>\n<meta property=\"og:title\" content=\"Tehnici de citire a chipului \u2013 Suada Agachi - Maktub Tarot\" \/>\n<meta property=\"og:description\" content=\"Arta citirii chipului dateaz\u0103 de milenii, a fost p\u0103strat\u0103 \u0219i transmis\u0103 cu demnitate \u0219i onoare de mae\u0219trii \u00een fizionomie pentru a fi folosit\u0103 cu \u00een\u021belepciune de c\u0103tre cei dornici s\u0103 cunoasc\u0103 natura uman\u0103. Chipul uman este \u00een egal\u0103 m\u0103sur\u0103 oglinda reac\u0163iilor \u015fi a tipului de rela\u0163ii pe care omul este dispus s\u0103 le experimenteze de-a ... Read More\" \/>\n<meta property=\"og:url\" content=\"https:\/\/www.maktubtarot.com\/ro\/produs\/tehnici-de-citire-a-chipului-suada-agachi\/\" \/>\n<meta property=\"og:site_name\" content=\"Maktub Tarot\" \/>\n<meta property=\"article:modified_time\" content=\"2024-03-12T14:21:51+00:00\" \/>\n<meta property=\"og:image\" content=\"https:\/\/www.maktubtarot.com\/wp-content\/uploads\/2021\/05\/Carte-Suada-Agachi-Tehnici-de-Citire-A-Chipului.png\" \/>\n\t<meta property=\"og:image:width\" content=\"735\" \/>\n\t<meta property=\"og:image:height\" content=\"1094\" \/>\n\t<meta property=\"og:image:type\" content=\"image\/png\" \/>\n<meta name=\"twitter:card\" content=\"summary_large_image\" \/>\n<meta name=\"twitter:label1\" content=\"Timp estimat pentru citire\" \/>\n\t<meta name=\"twitter:data1\" content=\"2 minute\" \/>\n<script type=\"application\/ld+json\" class=\"yoast-schema-graph\">{\"@context\":\"https:\\\/\\\/schema.org\",\"@graph\":[{\"@type\":\"WebPage\",\"@id\":\"https:\\\/\\\/www.maktubtarot.com\\\/produs\\\/tehnici-de-citire-a-chipului-suada-agachi\\\/\",\"url\":\"https:\\\/\\\/www.maktubtarot.com\\\/produs\\\/tehnici-de-citire-a-chipului-suada-agachi\\\/\",\"name\":\"Tehnici de citire a chipului \u2013 Suada Agachi - Maktub Tarot\",\"isPartOf\":{\"@id\":\"https:\\\/\\\/www.maktubtarot.com\\\/#website\"},\"primaryImageOfPage\":{\"@id\":\"https:\\\/\\\/www.maktubtarot.com\\\/produs\\\/tehnici-de-citire-a-chipului-suada-agachi\\\/#primaryimage\"},\"image\":{\"@id\":\"https:\\\/\\\/www.maktubtarot.com\\\/produs\\\/tehnici-de-citire-a-chipului-suada-agachi\\\/#primaryimage\"},\"thumbnailUrl\":\"https:\\\/\\\/www.maktubtarot.com\\\/wp-content\\\/uploads\\\/2021\\\/05\\\/Carte-Suada-Agachi-Tehnici-de-Citire-A-Chipului.png\",\"datePublished\":\"2022-08-24T08:24:36+00:00\",\"dateModified\":\"2024-03-12T14:21:51+00:00\",\"breadcrumb\":{\"@id\":\"https:\\\/\\\/www.maktubtarot.com\\\/produs\\\/tehnici-de-citire-a-chipului-suada-agachi\\\/#breadcrumb\"},\"inLanguage\":\"ro-RO\",\"potentialAction\":[{\"@type\":\"ReadAction\",\"target\":[\"https:\\\/\\\/www.maktubtarot.com\\\/produs\\\/tehnici-de-citire-a-chipului-suada-agachi\\\/\"]}]},{\"@type\":\"ImageObject\",\"inLanguage\":\"ro-RO\",\"@id\":\"https:\\\/\\\/www.maktubtarot.com\\\/produs\\\/tehnici-de-citire-a-chipului-suada-agachi\\\/#primaryimage\",\"url\":\"https:\\\/\\\/www.maktubtarot.com\\\/wp-content\\\/uploads\\\/2021\\\/05\\\/Carte-Suada-Agachi-Tehnici-de-Citire-A-Chipului.png\",\"contentUrl\":\"https:\\\/\\\/www.maktubtarot.com\\\/wp-content\\\/uploads\\\/2021\\\/05\\\/Carte-Suada-Agachi-Tehnici-de-Citire-A-Chipului.png\",\"width\":735,\"height\":1094},{\"@type\":\"BreadcrumbList\",\"@id\":\"https:\\\/\\\/www.maktubtarot.com\\\/produs\\\/tehnici-de-citire-a-chipului-suada-agachi\\\/#breadcrumb\",\"itemListElement\":[{\"@type\":\"ListItem\",\"position\":1,\"name\":\"Home\",\"item\":\"https:\\\/\\\/www.maktubtarot.com\\\/\"},{\"@type\":\"ListItem\",\"position\":2,\"name\":\"Shop\",\"item\":\"https:\\\/\\\/www.maktubtarot.com\\\/shop\\\/\"},{\"@type\":\"ListItem\",\"position\":3,\"name\":\"Tehnici de citire a chipului \u2013 Suada Agachi\"}]},{\"@type\":\"WebSite\",\"@id\":\"https:\\\/\\\/www.maktubtarot.com\\\/#website\",\"url\":\"https:\\\/\\\/www.maktubtarot.com\\\/\",\"name\":\"Maktub Tarot\",\"description\":\"\",\"potentialAction\":[{\"@type\":\"SearchAction\",\"target\":{\"@type\":\"EntryPoint\",\"urlTemplate\":\"https:\\\/\\\/www.maktubtarot.com\\\/?s={search_term_string}\"},\"query-input\":{\"@type\":\"PropertyValueSpecification\",\"valueRequired\":true,\"valueName\":\"search_term_string\"}}],\"inLanguage\":\"ro-RO\"}]}<\/script>\n<!-- \/ Yoast SEO plugin. -->","yoast_head_json":{"title":"Tehnici de citire a chipului \u2013 Suada Agachi - Maktub Tarot","robots":{"index":"index","follow":"follow","max-snippet":"max-snippet:-1","max-image-preview":"max-image-preview:large","max-video-preview":"max-video-preview:-1"},"canonical":"https:\/\/www.maktubtarot.com\/ro\/produs\/tehnici-de-citire-a-chipului-suada-agachi\/","og_locale":"ro_RO","og_type":"article","og_title":"Tehnici de citire a chipului \u2013 Suada Agachi - Maktub Tarot","og_description":"Arta citirii chipului dateaz\u0103 de milenii, a fost p\u0103strat\u0103 \u0219i transmis\u0103 cu demnitate \u0219i onoare de mae\u0219trii \u00een fizionomie pentru a fi folosit\u0103 cu \u00een\u021belepciune de c\u0103tre cei dornici s\u0103 cunoasc\u0103 natura uman\u0103. Chipul uman este \u00een egal\u0103 m\u0103sur\u0103 oglinda reac\u0163iilor \u015fi a tipului de rela\u0163ii pe care omul este dispus s\u0103 le experimenteze de-a ... Read More","og_url":"https:\/\/www.maktubtarot.com\/ro\/produs\/tehnici-de-citire-a-chipului-suada-agachi\/","og_site_name":"Maktub Tarot","article_modified_time":"2024-03-12T14:21:51+00:00","og_image":[{"width":735,"height":1094,"url":"https:\/\/www.maktubtarot.com\/wp-content\/uploads\/2021\/05\/Carte-Suada-Agachi-Tehnici-de-Citire-A-Chipului.png","type":"image\/png"}],"twitter_card":"summary_large_image","twitter_misc":{"Timp estimat pentru citire":"2 minute"},"schema":{"@context":"https:\/\/schema.org","@graph":[{"@type":"WebPage","@id":"https:\/\/www.maktubtarot.com\/produs\/tehnici-de-citire-a-chipului-suada-agachi\/","url":"https:\/\/www.maktubtarot.com\/produs\/tehnici-de-citire-a-chipului-suada-agachi\/","name":"Tehnici de citire a chipului \u2013 Suada Agachi - Maktub Tarot","isPartOf":{"@id":"https:\/\/www.maktubtarot.com\/#website"},"primaryImageOfPage":{"@id":"https:\/\/www.maktubtarot.com\/produs\/tehnici-de-citire-a-chipului-suada-agachi\/#primaryimage"},"image":{"@id":"https:\/\/www.maktubtarot.com\/produs\/tehnici-de-citire-a-chipului-suada-agachi\/#primaryimage"},"thumbnailUrl":"https:\/\/www.maktubtarot.com\/wp-content\/uploads\/2021\/05\/Carte-Suada-Agachi-Tehnici-de-Citire-A-Chipului.png","datePublished":"2022-08-24T08:24:36+00:00","dateModified":"2024-03-12T14:21:51+00:00","breadcrumb":{"@id":"https:\/\/www.maktubtarot.com\/produs\/tehnici-de-citire-a-chipului-suada-agachi\/#breadcrumb"},"inLanguage":"ro-RO","potentialAction":[{"@type":"ReadAction","target":["https:\/\/www.maktubtarot.com\/produs\/tehnici-de-citire-a-chipului-suada-agachi\/"]}]},{"@type":"ImageObject","inLanguage":"ro-RO","@id":"https:\/\/www.maktubtarot.com\/produs\/tehnici-de-citire-a-chipului-suada-agachi\/#primaryimage","url":"https:\/\/www.maktubtarot.com\/wp-content\/uploads\/2021\/05\/Carte-Suada-Agachi-Tehnici-de-Citire-A-Chipului.png","contentUrl":"https:\/\/www.maktubtarot.com\/wp-content\/uploads\/2021\/05\/Carte-Suada-Agachi-Tehnici-de-Citire-A-Chipului.png","width":735,"height":1094},{"@type":"BreadcrumbList","@id":"https:\/\/www.maktubtarot.com\/produs\/tehnici-de-citire-a-chipului-suada-agachi\/#breadcrumb","itemListElement":[{"@type":"ListItem","position":1,"name":"Home","item":"https:\/\/www.maktubtarot.com\/"},{"@type":"ListItem","position":2,"name":"Shop","item":"https:\/\/www.maktubtarot.com\/shop\/"},{"@type":"ListItem","position":3,"name":"Tehnici de citire a chipului \u2013 Suada Agachi"}]},{"@type":"WebSite","@id":"https:\/\/www.maktubtarot.com\/#website","url":"https:\/\/www.maktubtarot.com\/","name":"Maktub Tarot","description":"","potentialAction":[{"@type":"SearchAction","target":{"@type":"EntryPoint","urlTemplate":"https:\/\/www.maktubtarot.com\/?s={search_term_string}"},"query-input":{"@type":"PropertyValueSpecification","valueRequired":true,"valueName":"search_term_string"}}],"inLanguage":"ro-RO"}]}},"_links":{"self":[{"href":"http:\/\/www.maktubtarot.com\/ro\/wp-json\/wp\/v2\/product\/5401","targetHints":{"allow":["GET"]}}],"collection":[{"href":"http:\/\/www.maktubtarot.com\/ro\/wp-json\/wp\/v2\/product"}],"about":[{"href":"http:\/\/www.maktubtarot.com\/ro\/wp-json\/wp\/v2\/types\/product"}],"replies":[{"embeddable":true,"href":"http:\/\/www.maktubtarot.com\/ro\/wp-json\/wp\/v2\/comments?post=5401"}],"wp:featuredmedia":[{"embeddable":true,"href":"http:\/\/www.maktubtarot.com\/ro\/wp-json\/wp\/v2\/media\/4899"}],"wp:attachment":[{"href":"http:\/\/www.maktubtarot.com\/ro\/wp-json\/wp\/v2\/media?parent=5401"}],"wp:term":[{"taxonomy":"product_cat","embeddable":true,"href":"http:\/\/www.maktubtarot.com\/ro\/wp-json\/wp\/v2\/product_cat?post=5401"},{"taxonomy":"product_tag","embeddable":true,"href":"http:\/\/www.maktubtarot.com\/ro\/wp-json\/wp\/v2\/product_tag?post=5401"}],"curies":[{"name":"wp","href":"https:\/\/api.w.org\/{rel}","templated":true}]}}